{"id":1070,"date":"2019-03-24T18:07:35","date_gmt":"2019-03-24T18:07:35","guid":{"rendered":"http:\/\/nuecho.demotriade.ca\/careers\/"},"modified":"2023-08-25T12:50:52","modified_gmt":"2023-08-25T16:50:52","slug":"carrieres","status":"publish","type":"page","link":"https:\/\/www.nuecho.com\/fr\/carrieres\/","title":{"rendered":"Carri\u00e8res"},"content":{"rendered":"<p>[et_pb_section fb_built=\u00a0\u00bb1&Prime; admin_label=\u00a0\u00bbSection %22Careers%22 header Cyan Background\u00a0\u00bb _builder_version=\u00a0\u00bb4.16&Prime; background_color=\u00a0\u00bb#62b9ed\u00a0\u00bb background_image=\u00a0\u00bbhttps:\/\/www.nuecho.com\/wp-content\/uploads\/2019\/03\/header-careers.jpg\u00a0\u00bb background_size=\u00a0\u00bbinitial\u00a0\u00bb background_position=\u00a0\u00bbbottom_center\u00a0\u00bb custom_margin=\u00a0\u00bb||\u00a0\u00bb custom_padding=\u00a0\u00bb12rem||12rem||true\u00a0\u00bb global_colors_info=\u00a0\u00bb{}\u00a0\u00bb][et_pb_row column_structure=\u00a0\u00bb1_2,1_2&Prime; _builder_version=\u00a0\u00bb4.16&Prime; custom_margin_tablet=\u00a0\u00bb\u00a0\u00bb custom_margin_phone=\u00a0\u00bb-70px||11px\u00a0\u00bb custom_margin_last_edited=\u00a0\u00bbon|phone\u00a0\u00bb animation_style=\u00a0\u00bbslide\u00a0\u00bb animation_direction=\u00a0\u00bbbottom\u00a0\u00bb animation_duration=\u00a0\u00bb500ms\u00a0\u00bb global_colors_info=\u00a0\u00bb{}\u00a0\u00bb][et_pb_column type=\u00a0\u00bb1_2&Prime; _builder_version=\u00a0\u00bb4.16&Prime; custom_padding=\u00a0\u00bb|||\u00a0\u00bb global_colors_info=\u00a0\u00bb{}\u00a0\u00bb custom_padding__hover=\u00a0\u00bb|||\u00a0\u00bb][et_pb_text admin_label=\u00a0\u00bbText &#8211; Words that describe our team %91&#8230;%93&Prime; _builder_version=\u00a0\u00bb4.16&Prime; text_font=\u00a0\u00bb||||||||\u00a0\u00bb text_font_size=\u00a0\u00bb25px\u00a0\u00bb text_line_height=\u00a0\u00bb1.4em\u00a0\u00bb background_color=\u00a0\u00bbrgba(98,185,237,0.5)\u00a0\u00bb background_layout=\u00a0\u00bbdark\u00a0\u00bb text_font_size_tablet=\u00a0\u00bb\u00a0\u00bb text_font_size_phone=\u00a0\u00bb20px\u00a0\u00bb text_font_size_last_edited=\u00a0\u00bbon|phone\u00a0\u00bb custom_css_main_element=\u00a0\u00bbfont-weight: 400 !important;||border-radius: 10px;\u00a0\u00bb global_colors_info=\u00a0\u00bb{}\u00a0\u00bb]<\/p>\n<h1>Carri\u00e8res<\/h1>\n<p>Des mots qui d\u00e9crivent notre \u00e9quipe&#8230; Dou\u00e9e avec la technologie. Passionn\u00e9e. Ouverte. Honn\u00eate. Flexible. Munie d\u2019un sens de l\u2019humour. Vous croyez avoir ce que nous recherchons?<\/p>\n<p>[\/et_pb_text][\/et_pb_column][et_pb_column type=\u00a0\u00bb1_2&Prime; _builder_version=\u00a0\u00bb4.16&Prime; custom_padding=\u00a0\u00bb|||\u00a0\u00bb global_colors_info=\u00a0\u00bb{}\u00a0\u00bb custom_padding__hover=\u00a0\u00bb|||\u00a0\u00bb][\/et_pb_column][\/et_pb_row][\/et_pb_section][et_pb_section fb_built=\u00a0\u00bb1&Prime; custom_padding_last_edited=\u00a0\u00bbon|phone\u00a0\u00bb admin_label=\u00a0\u00bbSection %22Working at Nu Echo%22 \/ %22Benefits%22 &#8211; Light Gray background\u00a0\u00bb _builder_version=\u00a0\u00bb4.16&Prime; background_color=\u00a0\u00bb#f0f0f0&Prime; custom_margin=\u00a0\u00bb||\u00a0\u00bb custom_padding=\u00a0\u00bb0rem||0px|||\u00a0\u00bb custom_padding_tablet=\u00a0\u00bb||8rem\u00a0\u00bb custom_padding_phone=\u00a0\u00bb\u00a0\u00bb global_colors_info=\u00a0\u00bb{}\u00a0\u00bb][et_pb_row column_structure=\u00a0\u00bb1_2,1_2&Prime; _builder_version=\u00a0\u00bb4.16&Prime; custom_margin=\u00a0\u00bb||-5rem\u00a0\u00bb global_colors_info=\u00a0\u00bb{}\u00a0\u00bb][et_pb_column type=\u00a0\u00bb1_2&Prime; _builder_version=\u00a0\u00bb4.16&Prime; custom_padding=\u00a0\u00bb|||\u00a0\u00bb global_colors_info=\u00a0\u00bb{}\u00a0\u00bb custom_padding__hover=\u00a0\u00bb|||\u00a0\u00bb][et_pb_text admin_label=\u00a0\u00bbHeader &#8211; Working at Nu Echo\u00a0\u00bb _builder_version=\u00a0\u00bb4.16&Prime; header_font=\u00a0\u00bb||||||||\u00a0\u00bb header_line_height=\u00a0\u00bb1.1em\u00a0\u00bb custom_margin=\u00a0\u00bb||1rem\u00a0\u00bb global_colors_info=\u00a0\u00bb{}\u00a0\u00bb]<\/p>\n<h1>Travailler chez Nu Echo<\/h1>\n<p>[\/et_pb_text][et_pb_text admin_label=\u00a0\u00bbText &#8211; Nu Echo offers a progressive work environment %91&#8230;%93&Prime; _builder_version=\u00a0\u00bb4.16&Prime; text_font=\u00a0\u00bb||||||||\u00a0\u00bb text_font_size=\u00a0\u00bb25px\u00a0\u00bb text_line_height=\u00a0\u00bb1.3em\u00a0\u00bb custom_margin=\u00a0\u00bb||3rem\u00a0\u00bb text_font_size_tablet=\u00a0\u00bb\u00a0\u00bb text_font_size_phone=\u00a0\u00bb20px\u00a0\u00bb text_font_size_last_edited=\u00a0\u00bbon|phone\u00a0\u00bb custom_css_main_element=\u00a0\u00bbfont-weight: 400;\u00a0\u00bb global_colors_info=\u00a0\u00bb{}\u00a0\u00bb]<\/p>\n<p>Nous investissons dans l\u2019apprentissage constant et le d\u00e9veloppement de notre \u00e9quipe. Afin de conserver une longueur d\u2019avance quant \u00e0 l\u2019innovation de l\u2019exp\u00e9rience client, l\u2019apprentissage des derni\u00e8res tendances, des techniques et des comp\u00e9tences efficaces est primordial.<\/p>\n<p>[\/et_pb_text][et_pb_blurb_extended title=\u00a0\u00bbPOSTE : Expert(e) de l\u2019ing\u00e9nierie de la fiabilit\u00e9 des sites (Dev Ops\/SRE)\u00a0\u00bb url=\u00a0\u00bbhttps:\/\/www.nuecho.com\/fr\/carrieres\/devops-specialiste-sre\/\u00a0\u00bb read_more_button=\u00a0\u00bbon\u00a0\u00bb read_more_text=\u00a0\u00bbVOIR\u00a0\u00bb use_icon=\u00a0\u00bbon\u00a0\u00bb disabled_on=\u00a0\u00bbon|on|on\u00a0\u00bb admin_label=\u00a0\u00bbBlurb &#8211; Spontaneous Application\u00a0\u00bb module_class=\u00a0\u00bbblurb_swap_description_button projectward-btn-invert\u00a0\u00bb _builder_version=\u00a0\u00bb4.16&Prime; header_font=\u00a0\u00bb||||||||\u00a0\u00bb header_font_size=\u00a0\u00bb30px\u00a0\u00bb header_line_height=\u00a0\u00bb1.4em\u00a0\u00bb body_font=\u00a0\u00bb||||||||\u00a0\u00bb body_font_size=\u00a0\u00bb17px\u00a0\u00bb body_line_height=\u00a0\u00bb1.5em\u00a0\u00bb background_color=\u00a0\u00bb#3b4755&Prime; background_layout=\u00a0\u00bbdark\u00a0\u00bb custom_margin_tablet=\u00a0\u00bb\u00a0\u00bb custom_margin_phone=\u00a0\u00bb|||\u00a0\u00bb custom_margin_last_edited=\u00a0\u00bbon|phone\u00a0\u00bb custom_padding=\u00a0\u00bb3rem|3rem|3rem|3rem|true|true\u00a0\u00bb custom_padding_tablet=\u00a0\u00bb\u00a0\u00bb custom_padding_phone=\u00a0\u00bb1rem|1rem|1rem|1rem|true|true\u00a0\u00bb custom_padding_last_edited=\u00a0\u00bbon|phone\u00a0\u00bb animation_style=\u00a0\u00bbslide\u00a0\u00bb animation_duration=\u00a0\u00bb500ms\u00a0\u00bb custom_css_read_more=\u00a0\u00bbmargin-bottom: 1.5rem;\u00a0\u00bb border_radii=\u00a0\u00bbon|10px|10px|10px|10px\u00a0\u00bb box_shadow_style=\u00a0\u00bbpreset2&Prime; global_colors_info=\u00a0\u00bb{}\u00a0\u00bb transform_styles__hover_enabled=\u00a0\u00bbon\u00a0\u00bb transform_scale__hover_enabled=\u00a0\u00bbon\u00a0\u00bb transform_translate__hover_enabled=\u00a0\u00bbon\u00a0\u00bb transform_rotate__hover_enabled=\u00a0\u00bbon\u00a0\u00bb transform_skew__hover_enabled=\u00a0\u00bbon\u00a0\u00bb transform_origin__hover_enabled=\u00a0\u00bbon\u00a0\u00bb transform_scale__hover=\u00a0\u00bb105%|105%\u00a0\u00bb disabled=\u00a0\u00bbon\u00a0\u00bb]<\/p>\n<p>En tant que Expert(e) de l\u2019ing\u00e9nierie de la fiabilit\u00e9 des sites (Dev Ops\/SRE), vous soutiendrez les \u00e9quipes de d\u00e9veloppement de Nu Echo avec l\u2019infrastructure et les outils n\u00e9cessaires pour continuer \u00e0 \u00e9voluer.<\/p>\n<p>[\/et_pb_blurb_extended][et_pb_blurb_extended title=\u00a0\u00bbPOSTE :  Architecte Logiciel\u00a0\u00bb url=\u00a0\u00bbhttps:\/\/www.nuecho.com\/fr\/carrieres\/architecte-logiciel-2\/\u00a0\u00bb read_more_button=\u00a0\u00bbon\u00a0\u00bb read_more_text=\u00a0\u00bbVOIR\u00a0\u00bb use_icon=\u00a0\u00bbon\u00a0\u00bb disabled_on=\u00a0\u00bbon|on|on\u00a0\u00bb admin_label=\u00a0\u00bbBlurb &#8211; Spontaneous Application\u00a0\u00bb module_class=\u00a0\u00bbblurb_swap_description_button projectward-btn-invert\u00a0\u00bb _builder_version=\u00a0\u00bb4.16&Prime; header_font=\u00a0\u00bb||||||||\u00a0\u00bb header_font_size=\u00a0\u00bb30px\u00a0\u00bb header_line_height=\u00a0\u00bb1.4em\u00a0\u00bb body_font=\u00a0\u00bb||||||||\u00a0\u00bb body_font_size=\u00a0\u00bb17px\u00a0\u00bb body_line_height=\u00a0\u00bb1.5em\u00a0\u00bb background_color=\u00a0\u00bb#3b4755&Prime; background_layout=\u00a0\u00bbdark\u00a0\u00bb custom_margin_tablet=\u00a0\u00bb\u00a0\u00bb custom_margin_phone=\u00a0\u00bb|||\u00a0\u00bb custom_margin_last_edited=\u00a0\u00bbon|phone\u00a0\u00bb custom_padding=\u00a0\u00bb3rem|3rem|3rem|3rem|true|true\u00a0\u00bb custom_padding_tablet=\u00a0\u00bb\u00a0\u00bb custom_padding_phone=\u00a0\u00bb1rem|1rem|1rem|1rem|true|true\u00a0\u00bb custom_padding_last_edited=\u00a0\u00bbon|phone\u00a0\u00bb animation_style=\u00a0\u00bbslide\u00a0\u00bb animation_duration=\u00a0\u00bb500ms\u00a0\u00bb custom_css_read_more=\u00a0\u00bbmargin-bottom: 1.5rem;\u00a0\u00bb border_radii=\u00a0\u00bbon|10px|10px|10px|10px\u00a0\u00bb box_shadow_style=\u00a0\u00bbpreset2&Prime; global_colors_info=\u00a0\u00bb{}\u00a0\u00bb transform_styles__hover_enabled=\u00a0\u00bbon\u00a0\u00bb transform_scale__hover_enabled=\u00a0\u00bbon\u00a0\u00bb transform_translate__hover_enabled=\u00a0\u00bbon\u00a0\u00bb transform_rotate__hover_enabled=\u00a0\u00bbon\u00a0\u00bb transform_skew__hover_enabled=\u00a0\u00bbon\u00a0\u00bb transform_origin__hover_enabled=\u00a0\u00bbon\u00a0\u00bb transform_scale__hover=\u00a0\u00bb105%|105%\u00a0\u00bb disabled=\u00a0\u00bbon\u00a0\u00bb]<\/p>\n<p>En tant qu\u2019Architecte Logiciel, Vous participerez \u00e0 des projets de d\u00e9veloppement logiciel \u00e0 l\u2019interne et pour notre client\u00e8le. Pour plusieurs projets, vous serez responsable de l\u2019architecture des solutions d\u00e9velopp\u00e9es&#8230;<\/p>\n<p>[\/et_pb_blurb_extended][et_pb_blurb_extended title=\u00a0\u00bbLooking for an internship?\u00a0\u00bb url=\u00a0\u00bb#Contact\u00a0\u00bb read_more_button=\u00a0\u00bbon\u00a0\u00bb read_more_text=\u00a0\u00bbApply\u00a0\u00bb use_icon=\u00a0\u00bbon\u00a0\u00bb disabled_on=\u00a0\u00bbon|on|on\u00a0\u00bb admin_label=\u00a0\u00bbBlurb &#8211; Looking for an internship?\u00a0\u00bb module_class=\u00a0\u00bbblurb_swap_description_button\u00a0\u00bb _builder_version=\u00a0\u00bb4.16&Prime; header_font=\u00a0\u00bb||||||||\u00a0\u00bb header_font_size=\u00a0\u00bb30px\u00a0\u00bb header_line_height=\u00a0\u00bb1.4em\u00a0\u00bb body_font=\u00a0\u00bb||||||||\u00a0\u00bb body_font_size=\u00a0\u00bb17px\u00a0\u00bb body_line_height=\u00a0\u00bb1.5em\u00a0\u00bb background_color=\u00a0\u00bb#fb7c3e\u00a0\u00bb background_layout=\u00a0\u00bbdark\u00a0\u00bb custom_margin_tablet=\u00a0\u00bb\u00a0\u00bb custom_margin_phone=\u00a0\u00bb|||\u00a0\u00bb custom_margin_last_edited=\u00a0\u00bbon|phone\u00a0\u00bb custom_padding=\u00a0\u00bb3rem|3rem|3rem|3rem|true|true\u00a0\u00bb custom_padding_tablet=\u00a0\u00bb\u00a0\u00bb custom_padding_phone=\u00a0\u00bb1rem|1rem|1rem|1rem|true|true\u00a0\u00bb custom_padding_last_edited=\u00a0\u00bbon|phone\u00a0\u00bb animation_style=\u00a0\u00bbslide\u00a0\u00bb animation_duration=\u00a0\u00bb500ms\u00a0\u00bb custom_css_read_more=\u00a0\u00bbmargin-bottom: 1.5rem;\u00a0\u00bb border_radii=\u00a0\u00bbon|10px|10px|10px|10px\u00a0\u00bb box_shadow_style=\u00a0\u00bbpreset2&Prime; disabled=\u00a0\u00bbon\u00a0\u00bb global_colors_info=\u00a0\u00bb{}\u00a0\u00bb transform_styles__hover_enabled=\u00a0\u00bbon\u00a0\u00bb transform_scale__hover_enabled=\u00a0\u00bbon\u00a0\u00bb transform_translate__hover_enabled=\u00a0\u00bbon\u00a0\u00bb transform_rotate__hover_enabled=\u00a0\u00bbon\u00a0\u00bb transform_skew__hover_enabled=\u00a0\u00bbon\u00a0\u00bb transform_origin__hover_enabled=\u00a0\u00bbon\u00a0\u00bb transform_scale__hover=\u00a0\u00bb105%|105%\u00a0\u00bb]<\/p>\n<p>Nu Echo offers various internship positions. Apply to become an intern and see what it is like to come and work with us.<\/p>\n<p>[\/et_pb_blurb_extended][\/et_pb_column][et_pb_column type=\u00a0\u00bb1_2&Prime; _builder_version=\u00a0\u00bb4.16&Prime; custom_padding=\u00a0\u00bb|||\u00a0\u00bb custom_padding_tablet=\u00a0\u00bb2rem||\u00a0\u00bb custom_padding_phone=\u00a0\u00bb\u00a0\u00bb custom_padding_last_edited=\u00a0\u00bbon|tablet\u00a0\u00bb global_colors_info=\u00a0\u00bb{}\u00a0\u00bb custom_padding__hover=\u00a0\u00bb|||\u00a0\u00bb][et_pb_text admin_label=\u00a0\u00bbHeader &#8211; The Benefits\u00a0\u00bb _builder_version=\u00a0\u00bb4.16&Prime; header_font=\u00a0\u00bb||||||||\u00a0\u00bb header_line_height=\u00a0\u00bb1.1em\u00a0\u00bb custom_margin=\u00a0\u00bb||1rem\u00a0\u00bb global_colors_info=\u00a0\u00bb{}\u00a0\u00bb]<\/p>\n<h1>Avantages<\/h1>\n<p>[\/et_pb_text][et_pb_text admin_label=\u00a0\u00bbText &#8211; Nu Echo offers a progressive work environment %91&#8230;%93&Prime; _builder_version=\u00a0\u00bb4.16&Prime; text_font=\u00a0\u00bb||||||||\u00a0\u00bb text_font_size=\u00a0\u00bb25px\u00a0\u00bb text_line_height=\u00a0\u00bb1.3em\u00a0\u00bb ul_font=\u00a0\u00bb||||||||\u00a0\u00bb ul_line_height=\u00a0\u00bb1.3em\u00a0\u00bb custom_margin=\u00a0\u00bb||3rem\u00a0\u00bb text_font_size_tablet=\u00a0\u00bb\u00a0\u00bb text_font_size_phone=\u00a0\u00bb20px\u00a0\u00bb text_font_size_last_edited=\u00a0\u00bbon|phone\u00a0\u00bb custom_css_main_element=\u00a0\u00bbfont-weight: 400;\u00a0\u00bb global_colors_info=\u00a0\u00bb{}\u00a0\u00bb]<\/p>\n<ul>\n<li>T\u00e9l\u00e9travail<\/li>\n<li>Salaire comp\u00e9titif<\/li>\n<li>Heures de travail flexibles<\/li>\n<li>Apprentissage et d\u00e9veloppement<\/li>\n<li>Avancement professionnel<\/li>\n<li>Soins de sant\u00e9 virtuels (via <em>Dialogue<\/em>)<\/li>\n<li>Bureaux situ\u00e9s au centre-ville (\u00e0 Montr\u00e9al, \u00e0 deux minutes de la Place des Arts)<\/li>\n<li>Autonomie et autonomisation<\/li>\n<li>Environnement collaboratif et ouvert d\u2019esprit<\/li>\n<li>Journ\u00e9es personnelles et de maladie<\/li>\n<li>Assurances soins de sant\u00e9 et m\u00e9dicales<\/li>\n<li>Ap\u00e9ro tous les vendredis<\/li>\n<\/ul>\n<p>[\/et_pb_text][\/et_pb_column][\/et_pb_row][\/et_pb_section][et_pb_section fb_built=\u00a0\u00bb1&Prime; _builder_version=\u00a0\u00bb4.16&Prime; background_color=\u00a0\u00bb#fb7c3e\u00a0\u00bb global_colors_info=\u00a0\u00bb{}\u00a0\u00bb][et_pb_row _builder_version=\u00a0\u00bb4.16&Prime; background_color=\u00a0\u00bb#fb7c3e\u00a0\u00bb global_colors_info=\u00a0\u00bb{}\u00a0\u00bb][et_pb_column type=\u00a0\u00bb4_4&Prime; _builder_version=\u00a0\u00bb4.16&Prime; global_colors_info=\u00a0\u00bb{}\u00a0\u00bb][et_pb_text admin_label=\u00a0\u00bbHeader &#8211; Get in touch\u00a0\u00bb _builder_version=\u00a0\u00bb4.16&Prime; text_font=\u00a0\u00bb|300|||||||\u00a0\u00bb text_text_color=\u00a0\u00bb#ffffff\u00a0\u00bb text_font_size=\u00a0\u00bb24px\u00a0\u00bb header_font=\u00a0\u00bb||||||||\u00a0\u00bb header_2_font=\u00a0\u00bb||||||||\u00a0\u00bb header_2_text_color=\u00a0\u00bb#ffffff\u00a0\u00bb header_2_font_size=\u00a0\u00bb40px\u00a0\u00bb header_2_line_height=\u00a0\u00bb1.5em\u00a0\u00bb text_orientation=\u00a0\u00bbcenter\u00a0\u00bb custom_padding=\u00a0\u00bb||0rem|||\u00a0\u00bb global_colors_info=\u00a0\u00bb{}\u00a0\u00bb]<\/p>\n<h2>Vous cherchez un d\u00e9fi ?<\/h2>\n<p>D\u00e9veloppons ensemble la technologie de demain. Joignez les rangs d\u2019une \u00e9quipe passionn\u00e9e qui \u00e9volue dans un environnement de travail collaboratif.<\/p>\n<p>&nbsp;<\/p>\n<p>[\/et_pb_text][et_pb_button button_url=\u00a0\u00bbmailto:rh@nuecho.com\u00a0\u00bb url_new_window=\u00a0\u00bbon\u00a0\u00bb button_text=\u00a0\u00bbEnvoyez-nous votre cv\u00a0\u00bb button_alignment=\u00a0\u00bbcenter\u00a0\u00bb _builder_version=\u00a0\u00bb4.16&Prime; global_colors_info=\u00a0\u00bb{}\u00a0\u00bb][\/et_pb_button][\/et_pb_column][\/et_pb_row][\/et_pb_section]<\/p>\n","protected":false},"excerpt":{"rendered":"<p>Carri\u00e8res Des mots qui d\u00e9crivent notre \u00e9quipe&#8230; Dou\u00e9e avec la technologie. Passionn\u00e9e. Ouverte. Honn\u00eate. Flexible. Munie d\u2019un sens de l\u2019humour. Vous croyez avoir ce que nous recherchons?Travailler chez Nu EchoNous investissons dans l\u2019apprentissage constant et le d\u00e9veloppement de notre \u00e9quipe. Afin de conserver une longueur d\u2019avance quant \u00e0 l\u2019innovation de l\u2019exp\u00e9rience client, l\u2019apprentissage des derni\u00e8res [&hellip;]<\/p>\n","protected":false},"author":10,"featured_media":0,"parent":0,"menu_order":6,"comment_status":"closed","ping_status":"closed","template":"","meta":{"_et_pb_use_builder":"on","_et_pb_old_content":"","_et_gb_content_width":"","om_disable_all_campaigns":false,"_monsterinsights_skip_tracking":false,"_monsterinsights_sitenote_active":false,"_monsterinsights_sitenote_note":"","_monsterinsights_sitenote_category":0,"footnotes":""},"class_list":["post-1070","page","type-page","status-publish","hentry"],"aioseo_notices":[],"yoast_head":"<!-- This site is optimized with the Yoast SEO plugin v26.9 - https:\/\/yoast.com\/product\/yoast-seo-wordpress\/ -->\n<title>Comp\u00e9tences requises pour d\u00e9velopper des voicebots IA et ML de pointe<\/title>\n<meta name=\"description\" content=\"Bien plus qu&#039;une table de ping pong, Nu Echo offre la possibilit\u00e9 \u00e0 des sp\u00e9cialistes du langage naturel de faire avancer la science de la RVI\" \/>\n<meta name=\"robots\" content=\"index, follow, max-snippet:-1, max-image-preview:large, max-video-preview:-1\" \/>\n<link rel=\"canonical\" href=\"https:\/\/www.nuecho.com\/fr\/carrieres\/\" \/>\n<meta property=\"og:locale\" content=\"fr_FR\" \/>\n<meta property=\"og:type\" content=\"article\" \/>\n<meta property=\"og:title\" content=\"Comp\u00e9tences requises pour d\u00e9velopper des voicebots IA et ML de pointe\" \/>\n<meta property=\"og:description\" content=\"Bien plus qu&#039;une table de ping pong, Nu Echo offre la possibilit\u00e9 \u00e0 des sp\u00e9cialistes du langage naturel de faire avancer la science de la RVI\" \/>\n<meta property=\"og:url\" content=\"https:\/\/www.nuecho.com\/fr\/carrieres\/\" \/>\n<meta property=\"og:site_name\" content=\"AI Virtual Voice Experts with Google Dialogflow CX - CCAI - Nu Echo\" \/>\n<meta property=\"article:publisher\" content=\"https:\/\/www.facebook.com\/nuechoinc\/\" \/>\n<meta property=\"article:modified_time\" content=\"2023-08-25T16:50:52+00:00\" \/>\n<meta property=\"og:image\" content=\"https:\/\/www.nuecho.com\/wp-content\/uploads\/2019\/11\/Speech-Analytics.png\" \/>\n\t<meta property=\"og:image:width\" content=\"1500\" \/>\n\t<meta property=\"og:image:height\" content=\"1500\" \/>\n\t<meta property=\"og:image:type\" content=\"image\/png\" \/>\n<meta name=\"twitter:card\" content=\"summary_large_image\" \/>\n<meta name=\"twitter:site\" content=\"@nuecho\" \/>\n<meta name=\"twitter:label1\" content=\"Dur\u00e9e de lecture estim\u00e9e\" \/>\n\t<meta name=\"twitter:data1\" content=\"7 minutes\" \/>\n<script type=\"application\/ld+json\" class=\"yoast-schema-graph\">{\"@context\":\"https:\/\/schema.org\",\"@graph\":[{\"@type\":\"WebPage\",\"@id\":\"https:\/\/www.nuecho.com\/fr\/carrieres\/\",\"url\":\"https:\/\/www.nuecho.com\/fr\/carrieres\/\",\"name\":\"Comp\u00e9tences requises pour d\u00e9velopper des voicebots IA et ML de pointe\",\"isPartOf\":{\"@id\":\"https:\/\/www.nuecho.com\/fr\/#website\"},\"datePublished\":\"2019-03-24T18:07:35+00:00\",\"dateModified\":\"2023-08-25T16:50:52+00:00\",\"description\":\"Bien plus qu'une table de ping pong, Nu Echo offre la possibilit\u00e9 \u00e0 des sp\u00e9cialistes du langage naturel de faire avancer la science de la RVI\",\"breadcrumb\":{\"@id\":\"https:\/\/www.nuecho.com\/fr\/carrieres\/#breadcrumb\"},\"inLanguage\":\"fr-FR\",\"potentialAction\":[{\"@type\":\"ReadAction\",\"target\":[\"https:\/\/www.nuecho.com\/fr\/carrieres\/\"]}]},{\"@type\":\"BreadcrumbList\",\"@id\":\"https:\/\/www.nuecho.com\/fr\/carrieres\/#breadcrumb\",\"itemListElement\":[{\"@type\":\"ListItem\",\"position\":1,\"name\":\"Home\",\"item\":\"https:\/\/www.nuecho.com\/fr\/\"},{\"@type\":\"ListItem\",\"position\":2,\"name\":\"Carri\u00e8res\"}]},{\"@type\":\"WebSite\",\"@id\":\"https:\/\/www.nuecho.com\/fr\/#website\",\"url\":\"https:\/\/www.nuecho.com\/fr\/\",\"name\":\"AI Virtual Voice Experts with Google Dialogflow CX - CCAI - Nu Echo\",\"description\":\"Nu Echo\",\"publisher\":{\"@id\":\"https:\/\/www.nuecho.com\/fr\/#organization\"},\"potentialAction\":[{\"@type\":\"SearchAction\",\"target\":{\"@type\":\"EntryPoint\",\"urlTemplate\":\"https:\/\/www.nuecho.com\/fr\/?s={search_term_string}\"},\"query-input\":{\"@type\":\"PropertyValueSpecification\",\"valueRequired\":true,\"valueName\":\"search_term_string\"}}],\"inLanguage\":\"fr-FR\"},{\"@type\":\"Organization\",\"@id\":\"https:\/\/www.nuecho.com\/fr\/#organization\",\"name\":\"Nu Echo - Conversation AI | IA Conversationnelle\",\"url\":\"https:\/\/www.nuecho.com\/fr\/\",\"logo\":{\"@type\":\"ImageObject\",\"inLanguage\":\"fr-FR\",\"@id\":\"https:\/\/www.nuecho.com\/fr\/#\/schema\/logo\/image\/\",\"url\":\"https:\/\/www.nuecho.com\/wp-content\/uploads\/2019\/03\/bottom-logo.png\",\"contentUrl\":\"https:\/\/www.nuecho.com\/wp-content\/uploads\/2019\/03\/bottom-logo.png\",\"width\":138,\"height\":27,\"caption\":\"Nu Echo - Conversation AI | IA Conversationnelle\"},\"image\":{\"@id\":\"https:\/\/www.nuecho.com\/fr\/#\/schema\/logo\/image\/\"},\"sameAs\":[\"https:\/\/www.facebook.com\/nuechoinc\/\",\"https:\/\/x.com\/nuecho\",\"https:\/\/ca.linkedin.com\/company\/nu-echo\"]}]}<\/script>\n<!-- \/ Yoast SEO plugin. -->","yoast_head_json":{"title":"Comp\u00e9tences requises pour d\u00e9velopper des voicebots IA et ML de pointe","description":"Bien plus qu'une table de ping pong, Nu Echo offre la possibilit\u00e9 \u00e0 des sp\u00e9cialistes du langage naturel de faire avancer la science de la RVI","robots":{"index":"index","follow":"follow","max-snippet":"max-snippet:-1","max-image-preview":"max-image-preview:large","max-video-preview":"max-video-preview:-1"},"canonical":"https:\/\/www.nuecho.com\/fr\/carrieres\/","og_locale":"fr_FR","og_type":"article","og_title":"Comp\u00e9tences requises pour d\u00e9velopper des voicebots IA et ML de pointe","og_description":"Bien plus qu'une table de ping pong, Nu Echo offre la possibilit\u00e9 \u00e0 des sp\u00e9cialistes du langage naturel de faire avancer la science de la RVI","og_url":"https:\/\/www.nuecho.com\/fr\/carrieres\/","og_site_name":"AI Virtual Voice Experts with Google Dialogflow CX - CCAI - Nu Echo","article_publisher":"https:\/\/www.facebook.com\/nuechoinc\/","article_modified_time":"2023-08-25T16:50:52+00:00","og_image":[{"width":1500,"height":1500,"url":"https:\/\/www.nuecho.com\/wp-content\/uploads\/2019\/11\/Speech-Analytics.png","type":"image\/png"}],"twitter_card":"summary_large_image","twitter_site":"@nuecho","twitter_misc":{"Dur\u00e9e de lecture estim\u00e9e":"7 minutes"},"schema":{"@context":"https:\/\/schema.org","@graph":[{"@type":"WebPage","@id":"https:\/\/www.nuecho.com\/fr\/carrieres\/","url":"https:\/\/www.nuecho.com\/fr\/carrieres\/","name":"Comp\u00e9tences requises pour d\u00e9velopper des voicebots IA et ML de pointe","isPartOf":{"@id":"https:\/\/www.nuecho.com\/fr\/#website"},"datePublished":"2019-03-24T18:07:35+00:00","dateModified":"2023-08-25T16:50:52+00:00","description":"Bien plus qu'une table de ping pong, Nu Echo offre la possibilit\u00e9 \u00e0 des sp\u00e9cialistes du langage naturel de faire avancer la science de la RVI","breadcrumb":{"@id":"https:\/\/www.nuecho.com\/fr\/carrieres\/#breadcrumb"},"inLanguage":"fr-FR","potentialAction":[{"@type":"ReadAction","target":["https:\/\/www.nuecho.com\/fr\/carrieres\/"]}]},{"@type":"BreadcrumbList","@id":"https:\/\/www.nuecho.com\/fr\/carrieres\/#breadcrumb","itemListElement":[{"@type":"ListItem","position":1,"name":"Home","item":"https:\/\/www.nuecho.com\/fr\/"},{"@type":"ListItem","position":2,"name":"Carri\u00e8res"}]},{"@type":"WebSite","@id":"https:\/\/www.nuecho.com\/fr\/#website","url":"https:\/\/www.nuecho.com\/fr\/","name":"AI Virtual Voice Experts with Google Dialogflow CX - CCAI - Nu Echo","description":"Nu Echo","publisher":{"@id":"https:\/\/www.nuecho.com\/fr\/#organization"},"potentialAction":[{"@type":"SearchAction","target":{"@type":"EntryPoint","urlTemplate":"https:\/\/www.nuecho.com\/fr\/?s={search_term_string}"},"query-input":{"@type":"PropertyValueSpecification","valueRequired":true,"valueName":"search_term_string"}}],"inLanguage":"fr-FR"},{"@type":"Organization","@id":"https:\/\/www.nuecho.com\/fr\/#organization","name":"Nu Echo - Conversation AI | IA Conversationnelle","url":"https:\/\/www.nuecho.com\/fr\/","logo":{"@type":"ImageObject","inLanguage":"fr-FR","@id":"https:\/\/www.nuecho.com\/fr\/#\/schema\/logo\/image\/","url":"https:\/\/www.nuecho.com\/wp-content\/uploads\/2019\/03\/bottom-logo.png","contentUrl":"https:\/\/www.nuecho.com\/wp-content\/uploads\/2019\/03\/bottom-logo.png","width":138,"height":27,"caption":"Nu Echo - Conversation AI | IA Conversationnelle"},"image":{"@id":"https:\/\/www.nuecho.com\/fr\/#\/schema\/logo\/image\/"},"sameAs":["https:\/\/www.facebook.com\/nuechoinc\/","https:\/\/x.com\/nuecho","https:\/\/ca.linkedin.com\/company\/nu-echo"]}]}},"_links":{"self":[{"href":"https:\/\/www.nuecho.com\/fr\/wp-json\/wp\/v2\/pages\/1070","targetHints":{"allow":["GET"]}}],"collection":[{"href":"https:\/\/www.nuecho.com\/fr\/wp-json\/wp\/v2\/pages"}],"about":[{"href":"https:\/\/www.nuecho.com\/fr\/wp-json\/wp\/v2\/types\/page"}],"author":[{"embeddable":true,"href":"https:\/\/www.nuecho.com\/fr\/wp-json\/wp\/v2\/users\/10"}],"replies":[{"embeddable":true,"href":"https:\/\/www.nuecho.com\/fr\/wp-json\/wp\/v2\/comments?post=1070"}],"version-history":[{"count":7,"href":"https:\/\/www.nuecho.com\/fr\/wp-json\/wp\/v2\/pages\/1070\/revisions"}],"predecessor-version":[{"id":9592,"href":"https:\/\/www.nuecho.com\/fr\/wp-json\/wp\/v2\/pages\/1070\/revisions\/9592"}],"wp:attachment":[{"href":"https:\/\/www.nuecho.com\/fr\/wp-json\/wp\/v2\/media?parent=1070"}],"curies":[{"name":"wp","href":"https:\/\/api.w.org\/{rel}","templated":true}]}}