{"id":5028,"date":"2019-11-01T15:25:13","date_gmt":"2019-11-01T19:25:13","guid":{"rendered":"https:\/\/zux.zsm.mybluehost.me\/majoctobre2019\/plateformes-et-technologies\/nuance\/"},"modified":"2021-01-21T14:28:11","modified_gmt":"2021-01-21T18:28:11","slug":"nuance","status":"publish","type":"page","link":"https:\/\/www.nuecho.com\/fr\/plateformes-et-technologies\/nuance\/","title":{"rendered":"Nuance"},"content":{"rendered":"<p>[et_pb_section fb_built=\u00a0\u00bb1&Prime; custom_padding_last_edited=\u00a0\u00bbon|desktop\u00a0\u00bb module_class=\u00a0\u00bbbackground_image_mobile_center\u00a0\u00bb _builder_version=\u00a0\u00bb3.22.3&Prime; background_color=\u00a0\u00bb#62b9ed\u00a0\u00bb background_image=\u00a0\u00bbhttps:\/\/www.nuecho.com\/wp-content\/uploads\/2019\/04\/NO_platforms_header-1.png\u00a0\u00bb background_size=\u00a0\u00bbcontain\u00a0\u00bb background_position=\u00a0\u00bbbottom_right\u00a0\u00bb custom_margin=\u00a0\u00bb-52px||-73px\u00a0\u00bb custom_margin_tablet=\u00a0\u00bb\u00a0\u00bb custom_margin_phone=\u00a0\u00bb||-522px|\u00a0\u00bb custom_margin_last_edited=\u00a0\u00bbon|phone\u00a0\u00bb custom_padding=\u00a0\u00bb100px|0px|101px|0px|false|false\u00a0\u00bb custom_padding_tablet=\u00a0\u00bb||0px\u00a0\u00bb custom_padding_phone=\u00a0\u00bb\u00a0\u00bb][et_pb_row column_structure=\u00a0\u00bb1_2,1_2&Prime; _builder_version=\u00a0\u00bb3.25&Prime; custom_margin=\u00a0\u00bb||\u00a0\u00bb custom_margin_tablet=\u00a0\u00bb\u00a0\u00bb custom_margin_phone=\u00a0\u00bb||26rem\u00a0\u00bb custom_margin_last_edited=\u00a0\u00bbon|phone\u00a0\u00bb custom_padding=\u00a0\u00bb27px|0px|84px|0px|false|false\u00a0\u00bb][et_pb_column type=\u00a0\u00bb1_2&Prime; _builder_version=\u00a0\u00bb3.25&Prime; custom_padding=\u00a0\u00bb|||\u00a0\u00bb custom_padding__hover=\u00a0\u00bb|||\u00a0\u00bb][et_pb_text admin_label=\u00a0\u00bbCX Solution Providers\u00a0\u00bb _builder_version=\u00a0\u00bb3.29.3&Prime; header_font=\u00a0\u00bb||||||||\u00a0\u00bb header_2_font=\u00a0\u00bb||||||||\u00a0\u00bb header_2_text_color=\u00a0\u00bb#ffffff\u00a0\u00bb header_2_font_size=\u00a0\u00bb40px\u00a0\u00bb header_2_line_height=\u00a0\u00bb1.3em\u00a0\u00bb header_3_font=\u00a0\u00bbRoboto|300|||||||\u00a0\u00bb header_3_text_color=\u00a0\u00bb#ffffff\u00a0\u00bb header_3_font_size=\u00a0\u00bb35px\u00a0\u00bb animation_style=\u00a0\u00bbslide\u00a0\u00bb header_2_font_size_tablet=\u00a0\u00bb\u00a0\u00bb header_2_font_size_phone=\u00a0\u00bb28px\u00a0\u00bb header_2_font_size_last_edited=\u00a0\u00bbon|phone\u00a0\u00bb header_3_font_size_tablet=\u00a0\u00bb\u00a0\u00bb header_3_font_size_phone=\u00a0\u00bb28px\u00a0\u00bb header_3_font_size_last_edited=\u00a0\u00bbon|phone\u00a0\u00bb]<\/p>\n<h2><span>Nu Echo: L&rsquo;expert Nuance depuis 18 ans<\/span><\/h2>\n<p>[\/et_pb_text][\/et_pb_column][et_pb_column type=\u00a0\u00bb1_2&Prime; _builder_version=\u00a0\u00bb3.25&Prime; custom_padding=\u00a0\u00bb|||\u00a0\u00bb custom_padding__hover=\u00a0\u00bb|||\u00a0\u00bb][\/et_pb_column][\/et_pb_row][\/et_pb_section][et_pb_section fb_built=\u00a0\u00bb1&Prime; admin_label=\u00a0\u00bbSection &#8211; Clients and Partners\u00a0\u00bb _builder_version=\u00a0\u00bb3.29.3&Prime; background_color=\u00a0\u00bb#f0f0f0&Prime; custom_margin=\u00a0\u00bb-14px|||||\u00a0\u00bb custom_padding=\u00a0\u00bb0em||0px||false|false\u00a0\u00bb][et_pb_row column_structure=\u00a0\u00bb1_4,3_4&Prime; _builder_version=\u00a0\u00bb3.29.3&Prime;][et_pb_column type=\u00a0\u00bb1_4&Prime; _builder_version=\u00a0\u00bb3.29.3&Prime; custom_padding=\u00a0\u00bb|||\u00a0\u00bb custom_padding__hover=\u00a0\u00bb|||\u00a0\u00bb][et_pb_image src=\u00a0\u00bbhttps:\/\/www.nuecho.com\/wp-content\/uploads\/2019\/03\/logo-nuance.png\u00a0\u00bb align=\u00a0\u00bbcenter\u00a0\u00bb align_tablet=\u00a0\u00bbcenter\u00a0\u00bb align_phone=\u00a0\u00bb\u00a0\u00bb align_last_edited=\u00a0\u00bbon|desktop\u00a0\u00bb admin_label=\u00a0\u00bbImage &#8211; Nuance\u00a0\u00bb _builder_version=\u00a0\u00bb3.29.3&Prime; custom_padding=\u00a0\u00bb10px||10px||true|false\u00a0\u00bb animation_style=\u00a0\u00bbroll\u00a0\u00bb animation_duration=\u00a0\u00bb700ms\u00a0\u00bb animation_delay=\u00a0\u00bb100ms\u00a0\u00bb transform_styles__hover_enabled=\u00a0\u00bbon\u00a0\u00bb transform_scale__hover_enabled=\u00a0\u00bbon\u00a0\u00bb transform_translate__hover_enabled=\u00a0\u00bbon\u00a0\u00bb transform_rotate__hover_enabled=\u00a0\u00bbon\u00a0\u00bb transform_skew__hover_enabled=\u00a0\u00bbon\u00a0\u00bb transform_origin__hover_enabled=\u00a0\u00bbon\u00a0\u00bb transform_scale__hover=\u00a0\u00bb105%|105%\u00a0\u00bb][\/et_pb_image][\/et_pb_column][et_pb_column type=\u00a0\u00bb3_4&Prime; _builder_version=\u00a0\u00bb3.25&Prime; custom_padding=\u00a0\u00bb|||\u00a0\u00bb custom_padding__hover=\u00a0\u00bb|||\u00a0\u00bb][et_pb_text _builder_version=\u00a0\u00bb3.29.3&Prime; custom_margin=\u00a0\u00bb||||false|false\u00a0\u00bb custom_padding=\u00a0\u00bb20px||30px||false|false\u00a0\u00bb]En tant que pionni\u00e8re de l\u2019IA conversationnelle, Nuance a pass\u00e9 plusieurs dizaines d\u2019ann\u00e9es \u00e0 r\u00e9volutionner les interactions humaines gr\u00e2ce \u00e0 la technologie. Elle est maintenant une partenaire de confiance de 85 % des entreprises du Fortune 100.<\/p>\n<p>Nuance est le chef de file en innovation de l\u2019IA conversationnelle et cr\u00e9e une technologie intuitive et prim\u00e9e qui s\u2019adapte \u00e0 chaque entreprise et \u00e0 chaque situation. Les solutions de Nuance ne font pas qu\u2019\u00e9couter et parler. Elles comprennent, analysent, anticipent, raisonnent et r\u00e9solvent. Elles ne font pas que faciliter la vie, elles facilitent l\u2019atteinte et le d\u00e9passement de vos objectifs.[\/et_pb_text][\/et_pb_column][\/et_pb_row][\/et_pb_section][et_pb_section fb_built=\u00a0\u00bb1&Prime; admin_label=\u00a0\u00bbSection &#8211; Clients and Partners\u00a0\u00bb _builder_version=\u00a0\u00bb4.0.6&Prime; background_color=\u00a0\u00bb#f0f0f0&Prime; custom_margin=\u00a0\u00bb-14px|||||\u00a0\u00bb custom_padding=\u00a0\u00bb0em||0px||false|false\u00a0\u00bb][et_pb_row column_structure=\u00a0\u00bb1_2,1_2&Prime; _builder_version=\u00a0\u00bb4.6.6&Prime; custom_padding=\u00a0\u00bb50px||||false|false\u00a0\u00bb][et_pb_column type=\u00a0\u00bb1_2&Prime; _builder_version=\u00a0\u00bb4.6.6&Prime; _module_preset=\u00a0\u00bbdefault\u00a0\u00bb][et_pb_text _builder_version=\u00a0\u00bb4.0.6&Prime; text_line_height=\u00a0\u00bb1.71em\u00a0\u00bb]<\/p>\n<h4><span>Les technologies Nuance n&rsquo;ont aucun secret pour nous<\/span><span> <\/span><\/h4>\n<p><span>Aucune entreprise nord-am\u00e9ricaine ne comprend les technologies Nuance mieux que Nu Echo. Non seulement nous d\u00e9ployons des solutions bas\u00e9es sur les technologies Nuance, mais nous les comparont constemment aux technologies concurrentes sur une foule de t\u00e2ches de reconnaissance vocale et de compr\u00e9hension du langage naturel. De fait, des entreprises nord-am\u00e9ricaines se tournent vers nous lorsqu\u2019elles doivent optimiser la performance de leurs solutions de RVI utilisant les technologies de Nuance.<\/span><\/p>\n<p>&nbsp;<\/p>\n<p>[\/et_pb_text][\/et_pb_column][et_pb_column type=\u00a0\u00bb1_2&Prime; _builder_version=\u00a0\u00bb3.29.3&Prime;][et_pb_text _builder_version=\u00a0\u00bb4.0.6&Prime; text_line_height=\u00a0\u00bb1.71em\u00a0\u00bb]<\/p>\n<h4>Les technologies de Nuance pour la RVI conversationnelle<\/h4>\n<p>Lors de la cr\u00e9ation de solutions de RVI conversationnelles, de reconnaissance vocale et de compr\u00e9hension du langage naturel, la pr\u00e9cision compte. Et lorsque la pr\u00e9cision compte, les technologies de Nuance sont le choix qui s\u2019impose. Les technologies de Nuance ne sont pas seulement des technologies de pointe; elles peuvent, contrairement aux technologies concurrentes, \u00eatre optimis\u00e9es pour un domaine et un contexte conversationnel particulier de mani\u00e8re \u00e0 fournir la meilleure exp\u00e9rience conversationnelle et les plus hauts taux de succ\u00e8s atteignables.<\/p>\n<p>&nbsp;<\/p>\n<p>[\/et_pb_text][\/et_pb_column][\/et_pb_row][\/et_pb_section][et_pb_section fb_built=\u00a0\u00bb1&Prime; disabled_on=\u00a0\u00bbon|on|on\u00a0\u00bb _builder_version=\u00a0\u00bb4.0.6&Prime; min_height=\u00a0\u00bb400px\u00a0\u00bb custom_margin=\u00a0\u00bb||0px|||\u00a0\u00bb disabled=\u00a0\u00bbon\u00a0\u00bb][et_pb_row _builder_version=\u00a0\u00bb4.0.6&Prime; background_color=\u00a0\u00bb#195ed7&Prime; custom_margin=\u00a0\u00bb-8px|424px|-75px|auto||\u00a0\u00bb custom_padding=\u00a0\u00bb29px||0px|||\u00a0\u00bb border_radii=\u00a0\u00bbon|10px|10px|10px|10px\u00a0\u00bb locked=\u00a0\u00bboff\u00a0\u00bb][et_pb_column type=\u00a0\u00bb4_4&Prime; _builder_version=\u00a0\u00bb4.0.6&Prime;][et_pb_text admin_label=\u00a0\u00bb<br \/>\nProfitez d\u2019une heure de consultation offerte avec nos experts !\u00a0\u00bb _builder_version=\u00a0\u00bb4.0.6&Prime; text_text_color=\u00a0\u00bb#ffffff\u00a0\u00bb custom_margin=\u00a0\u00bb-6px||43px|||\u00a0\u00bb custom_padding=\u00a0\u00bb0px||0px|||\u00a0\u00bb]<\/p>\n<h2 style=\"padding-left: 30px;\"><span style=\"color: #ffffff;\"><strong><\/strong><\/span><\/h2>\n<h2 style=\"padding-left: 30px;\"><span style=\"color: #ffffff;\"><strong><\/strong><\/span><\/h2>\n<h2 style=\"padding-left: 30px;\"><span style=\"color: #ffffff;\"><strong>Profitez d&rsquo;une heure de consultation offerte avec nos experts !<\/strong><\/span><\/h2>\n<p><span style=\"color: #ffffff;\"><strong><\/strong><\/span><\/p>\n<h4 style=\"padding-left: 30px;\"><span style=\"color: #ffffff;\"><\/span><\/h4>\n<h4 style=\"padding-left: 30px;\"><span style=\"color: #ffffff;\"><\/span><\/h4>\n<h4 style=\"padding-left: 30px;\"><span style=\"color: #ffffff;\">Communiquer avec nous sur vos projets en automatisation conversationnelle et explorez ce que Nu Echo peut faire pour vous. <\/span><\/h4>\n<p>[\/et_pb_text][et_pb_button button_url=\u00a0\u00bbhttps:\/\/www.nuecho.com\/fr\/escouade-nlu\/#Form\u00a0\u00bb button_text=\u00a0\u00bbConsultation gratuite\u00a0\u00bb button_alignment=\u00a0\u00bbcenter\u00a0\u00bb _builder_version=\u00a0\u00bb4.0.6&Prime; custom_margin=\u00a0\u00bb||29px|||\u00a0\u00bb][\/et_pb_button][\/et_pb_column][\/et_pb_row][\/et_pb_section][et_pb_section fb_built=\u00a0\u00bb1&Prime; disabled_on=\u00a0\u00bbon|on|on\u00a0\u00bb module_id=\u00a0\u00bbContact\u00a0\u00bb _builder_version=\u00a0\u00bb3.22.3&Prime; background_color=\u00a0\u00bb#fb7c3e\u00a0\u00bb custom_padding=\u00a0\u00bb70px|0px|70px|0px|true|false\u00a0\u00bb disabled=\u00a0\u00bbon\u00a0\u00bb][et_pb_row _builder_version=\u00a0\u00bb3.25&Prime; custom_padding=\u00a0\u00bb30px|0px|30px|0px|true|false\u00a0\u00bb][et_pb_column type=\u00a0\u00bb4_4&Prime; _builder_version=\u00a0\u00bb3.25&Prime; custom_padding=\u00a0\u00bb|||\u00a0\u00bb custom_padding__hover=\u00a0\u00bb|||\u00a0\u00bb][et_pb_text _builder_version=\u00a0\u00bb3.27.4&Prime; text_font=\u00a0\u00bb|300|||||||\u00a0\u00bb text_text_color=\u00a0\u00bb#ffffff\u00a0\u00bb text_font_size=\u00a0\u00bb24px\u00a0\u00bb header_font=\u00a0\u00bb||||||||\u00a0\u00bb header_2_font=\u00a0\u00bb||||||||\u00a0\u00bb header_2_text_color=\u00a0\u00bb#ffffff\u00a0\u00bb header_2_font_size=\u00a0\u00bb32px\u00a0\u00bb text_orientation=\u00a0\u00bbcenter\u00a0\u00bb]<\/p>\n<h2>Communiquez avec nous<\/h2>\n<p>[\/et_pb_text][et_pb_text admin_label=\u00a0\u00bbGravity Form &#8211; EN\u00a0\u00bb _builder_version=\u00a0\u00bb3.27.4&Prime;][gravityform id=\u00a0\u00bb1&Prime; title=\u00a0\u00bbfalse\u00a0\u00bb description=\u00a0\u00bbfalse\u00a0\u00bb][\/et_pb_text][\/et_pb_column][\/et_pb_row][\/et_pb_section]<\/p>\n","protected":false},"excerpt":{"rendered":"<p>Nu Echo: L&rsquo;expert Nuance depuis 18 ansEn tant que pionni\u00e8re de l\u2019IA conversationnelle, Nuance a pass\u00e9 plusieurs dizaines d\u2019ann\u00e9es \u00e0 r\u00e9volutionner les interactions humaines gr\u00e2ce \u00e0 la technologie. Elle est maintenant une partenaire de confiance de 85 % des entreprises du Fortune 100. Nuance est le chef de file en innovation de l\u2019IA conversationnelle et [&hellip;]<\/p>\n","protected":false},"author":10,"featured_media":0,"parent":2719,"menu_order":0,"comment_status":"closed","ping_status":"closed","template":"","meta":{"_et_pb_use_builder":"on","_et_pb_old_content":"","_et_gb_content_width":"","om_disable_all_campaigns":false,"_monsterinsights_skip_tracking":false,"_monsterinsights_sitenote_active":false,"_monsterinsights_sitenote_note":"","_monsterinsights_sitenote_category":0,"footnotes":""},"class_list":["post-5028","page","type-page","status-publish","hentry"],"aioseo_notices":[],"yoast_head":"<!-- This site is optimized with the Yoast SEO plugin v26.9 - https:\/\/yoast.com\/product\/yoast-seo-wordpress\/ -->\n<title>Solutions Nuance de RVI (r\u00e9ponse vocale interactive) - Nu Echo<\/title>\n<meta name=\"description\" content=\"La reconnaissance vocale et le language naturel rendus faciles avec Nuance et qui fournit des solutions RVI conversationnelles fluides\" \/>\n<meta name=\"robots\" content=\"index, follow, max-snippet:-1, max-image-preview:large, max-video-preview:-1\" \/>\n<link rel=\"canonical\" href=\"https:\/\/www.nuecho.com\/fr\/plateformes-et-technologies\/nuance\/\" \/>\n<meta property=\"og:locale\" content=\"fr_FR\" \/>\n<meta property=\"og:type\" content=\"article\" \/>\n<meta property=\"og:title\" content=\"Solutions Nuance de RVI (r\u00e9ponse vocale interactive) - Nu Echo\" \/>\n<meta property=\"og:description\" content=\"La reconnaissance vocale et le language naturel rendus faciles avec Nuance et qui fournit des solutions RVI conversationnelles fluides\" \/>\n<meta property=\"og:url\" content=\"https:\/\/www.nuecho.com\/fr\/plateformes-et-technologies\/nuance\/\" \/>\n<meta property=\"og:site_name\" content=\"AI Virtual Voice Experts with Google Dialogflow CX - CCAI - Nu Echo\" \/>\n<meta property=\"article:publisher\" content=\"https:\/\/www.facebook.com\/nuechoinc\/\" \/>\n<meta property=\"article:modified_time\" content=\"2021-01-21T18:28:11+00:00\" \/>\n<meta property=\"og:image\" content=\"https:\/\/www.nuecho.com\/wp-content\/uploads\/2019\/11\/Speech-Analytics.png\" \/>\n\t<meta property=\"og:image:width\" content=\"1500\" \/>\n\t<meta property=\"og:image:height\" content=\"1500\" \/>\n\t<meta property=\"og:image:type\" content=\"image\/png\" \/>\n<meta name=\"twitter:card\" content=\"summary_large_image\" \/>\n<meta name=\"twitter:site\" content=\"@nuecho\" \/>\n<meta name=\"twitter:label1\" content=\"Dur\u00e9e de lecture estim\u00e9e\" \/>\n\t<meta name=\"twitter:data1\" content=\"5 minutes\" \/>\n<script type=\"application\/ld+json\" class=\"yoast-schema-graph\">{\"@context\":\"https:\/\/schema.org\",\"@graph\":[{\"@type\":\"WebPage\",\"@id\":\"https:\/\/www.nuecho.com\/fr\/plateformes-et-technologies\/nuance\/\",\"url\":\"https:\/\/www.nuecho.com\/fr\/plateformes-et-technologies\/nuance\/\",\"name\":\"Solutions Nuance de RVI (r\u00e9ponse vocale interactive) - Nu Echo\",\"isPartOf\":{\"@id\":\"https:\/\/www.nuecho.com\/fr\/#website\"},\"datePublished\":\"2019-11-01T19:25:13+00:00\",\"dateModified\":\"2021-01-21T18:28:11+00:00\",\"description\":\"La reconnaissance vocale et le language naturel rendus faciles avec Nuance et qui fournit des solutions RVI conversationnelles fluides\",\"breadcrumb\":{\"@id\":\"https:\/\/www.nuecho.com\/fr\/plateformes-et-technologies\/nuance\/#breadcrumb\"},\"inLanguage\":\"fr-FR\",\"potentialAction\":[{\"@type\":\"ReadAction\",\"target\":[\"https:\/\/www.nuecho.com\/fr\/plateformes-et-technologies\/nuance\/\"]}]},{\"@type\":\"BreadcrumbList\",\"@id\":\"https:\/\/www.nuecho.com\/fr\/plateformes-et-technologies\/nuance\/#breadcrumb\",\"itemListElement\":[{\"@type\":\"ListItem\",\"position\":1,\"name\":\"Home\",\"item\":\"https:\/\/www.nuecho.com\/fr\/\"},{\"@type\":\"ListItem\",\"position\":2,\"name\":\"Plateformes et technologies\",\"item\":\"https:\/\/www.nuecho.com\/fr\/?page_id=2719\"},{\"@type\":\"ListItem\",\"position\":3,\"name\":\"Nuance\"}]},{\"@type\":\"WebSite\",\"@id\":\"https:\/\/www.nuecho.com\/fr\/#website\",\"url\":\"https:\/\/www.nuecho.com\/fr\/\",\"name\":\"AI Virtual Voice Experts with Google Dialogflow CX - CCAI - Nu Echo\",\"description\":\"Nu Echo\",\"publisher\":{\"@id\":\"https:\/\/www.nuecho.com\/fr\/#organization\"},\"potentialAction\":[{\"@type\":\"SearchAction\",\"target\":{\"@type\":\"EntryPoint\",\"urlTemplate\":\"https:\/\/www.nuecho.com\/fr\/?s={search_term_string}\"},\"query-input\":{\"@type\":\"PropertyValueSpecification\",\"valueRequired\":true,\"valueName\":\"search_term_string\"}}],\"inLanguage\":\"fr-FR\"},{\"@type\":\"Organization\",\"@id\":\"https:\/\/www.nuecho.com\/fr\/#organization\",\"name\":\"Nu Echo - Conversation AI | IA Conversationnelle\",\"url\":\"https:\/\/www.nuecho.com\/fr\/\",\"logo\":{\"@type\":\"ImageObject\",\"inLanguage\":\"fr-FR\",\"@id\":\"https:\/\/www.nuecho.com\/fr\/#\/schema\/logo\/image\/\",\"url\":\"https:\/\/www.nuecho.com\/wp-content\/uploads\/2019\/03\/bottom-logo.png\",\"contentUrl\":\"https:\/\/www.nuecho.com\/wp-content\/uploads\/2019\/03\/bottom-logo.png\",\"width\":138,\"height\":27,\"caption\":\"Nu Echo - Conversation AI | IA Conversationnelle\"},\"image\":{\"@id\":\"https:\/\/www.nuecho.com\/fr\/#\/schema\/logo\/image\/\"},\"sameAs\":[\"https:\/\/www.facebook.com\/nuechoinc\/\",\"https:\/\/x.com\/nuecho\",\"https:\/\/ca.linkedin.com\/company\/nu-echo\"]}]}<\/script>\n<!-- \/ Yoast SEO plugin. -->","yoast_head_json":{"title":"Solutions Nuance de RVI (r\u00e9ponse vocale interactive) - Nu Echo","description":"La reconnaissance vocale et le language naturel rendus faciles avec Nuance et qui fournit des solutions RVI conversationnelles fluides","robots":{"index":"index","follow":"follow","max-snippet":"max-snippet:-1","max-image-preview":"max-image-preview:large","max-video-preview":"max-video-preview:-1"},"canonical":"https:\/\/www.nuecho.com\/fr\/plateformes-et-technologies\/nuance\/","og_locale":"fr_FR","og_type":"article","og_title":"Solutions Nuance de RVI (r\u00e9ponse vocale interactive) - Nu Echo","og_description":"La reconnaissance vocale et le language naturel rendus faciles avec Nuance et qui fournit des solutions RVI conversationnelles fluides","og_url":"https:\/\/www.nuecho.com\/fr\/plateformes-et-technologies\/nuance\/","og_site_name":"AI Virtual Voice Experts with Google Dialogflow CX - CCAI - Nu Echo","article_publisher":"https:\/\/www.facebook.com\/nuechoinc\/","article_modified_time":"2021-01-21T18:28:11+00:00","og_image":[{"width":1500,"height":1500,"url":"https:\/\/www.nuecho.com\/wp-content\/uploads\/2019\/11\/Speech-Analytics.png","type":"image\/png"}],"twitter_card":"summary_large_image","twitter_site":"@nuecho","twitter_misc":{"Dur\u00e9e de lecture estim\u00e9e":"5 minutes"},"schema":{"@context":"https:\/\/schema.org","@graph":[{"@type":"WebPage","@id":"https:\/\/www.nuecho.com\/fr\/plateformes-et-technologies\/nuance\/","url":"https:\/\/www.nuecho.com\/fr\/plateformes-et-technologies\/nuance\/","name":"Solutions Nuance de RVI (r\u00e9ponse vocale interactive) - Nu Echo","isPartOf":{"@id":"https:\/\/www.nuecho.com\/fr\/#website"},"datePublished":"2019-11-01T19:25:13+00:00","dateModified":"2021-01-21T18:28:11+00:00","description":"La reconnaissance vocale et le language naturel rendus faciles avec Nuance et qui fournit des solutions RVI conversationnelles fluides","breadcrumb":{"@id":"https:\/\/www.nuecho.com\/fr\/plateformes-et-technologies\/nuance\/#breadcrumb"},"inLanguage":"fr-FR","potentialAction":[{"@type":"ReadAction","target":["https:\/\/www.nuecho.com\/fr\/plateformes-et-technologies\/nuance\/"]}]},{"@type":"BreadcrumbList","@id":"https:\/\/www.nuecho.com\/fr\/plateformes-et-technologies\/nuance\/#breadcrumb","itemListElement":[{"@type":"ListItem","position":1,"name":"Home","item":"https:\/\/www.nuecho.com\/fr\/"},{"@type":"ListItem","position":2,"name":"Plateformes et technologies","item":"https:\/\/www.nuecho.com\/fr\/?page_id=2719"},{"@type":"ListItem","position":3,"name":"Nuance"}]},{"@type":"WebSite","@id":"https:\/\/www.nuecho.com\/fr\/#website","url":"https:\/\/www.nuecho.com\/fr\/","name":"AI Virtual Voice Experts with Google Dialogflow CX - CCAI - Nu Echo","description":"Nu Echo","publisher":{"@id":"https:\/\/www.nuecho.com\/fr\/#organization"},"potentialAction":[{"@type":"SearchAction","target":{"@type":"EntryPoint","urlTemplate":"https:\/\/www.nuecho.com\/fr\/?s={search_term_string}"},"query-input":{"@type":"PropertyValueSpecification","valueRequired":true,"valueName":"search_term_string"}}],"inLanguage":"fr-FR"},{"@type":"Organization","@id":"https:\/\/www.nuecho.com\/fr\/#organization","name":"Nu Echo - Conversation AI | IA Conversationnelle","url":"https:\/\/www.nuecho.com\/fr\/","logo":{"@type":"ImageObject","inLanguage":"fr-FR","@id":"https:\/\/www.nuecho.com\/fr\/#\/schema\/logo\/image\/","url":"https:\/\/www.nuecho.com\/wp-content\/uploads\/2019\/03\/bottom-logo.png","contentUrl":"https:\/\/www.nuecho.com\/wp-content\/uploads\/2019\/03\/bottom-logo.png","width":138,"height":27,"caption":"Nu Echo - Conversation AI | IA Conversationnelle"},"image":{"@id":"https:\/\/www.nuecho.com\/fr\/#\/schema\/logo\/image\/"},"sameAs":["https:\/\/www.facebook.com\/nuechoinc\/","https:\/\/x.com\/nuecho","https:\/\/ca.linkedin.com\/company\/nu-echo"]}]}},"_links":{"self":[{"href":"https:\/\/www.nuecho.com\/fr\/wp-json\/wp\/v2\/pages\/5028","targetHints":{"allow":["GET"]}}],"collection":[{"href":"https:\/\/www.nuecho.com\/fr\/wp-json\/wp\/v2\/pages"}],"about":[{"href":"https:\/\/www.nuecho.com\/fr\/wp-json\/wp\/v2\/types\/page"}],"author":[{"embeddable":true,"href":"https:\/\/www.nuecho.com\/fr\/wp-json\/wp\/v2\/users\/10"}],"replies":[{"embeddable":true,"href":"https:\/\/www.nuecho.com\/fr\/wp-json\/wp\/v2\/comments?post=5028"}],"version-history":[{"count":11,"href":"https:\/\/www.nuecho.com\/fr\/wp-json\/wp\/v2\/pages\/5028\/revisions"}],"predecessor-version":[{"id":7779,"href":"https:\/\/www.nuecho.com\/fr\/wp-json\/wp\/v2\/pages\/5028\/revisions\/7779"}],"up":[{"embeddable":true,"href":"https:\/\/www.nuecho.com\/fr\/wp-json\/wp\/v2\/pages\/2719"}],"wp:attachment":[{"href":"https:\/\/www.nuecho.com\/fr\/wp-json\/wp\/v2\/media?parent=5028"}],"curies":[{"name":"wp","href":"https:\/\/api.w.org\/{rel}","templated":true}]}}