{"id":5032,"date":"2019-11-01T15:36:06","date_gmt":"2019-11-01T19:36:06","guid":{"rendered":"https:\/\/zux.zsm.mybluehost.me\/majoctobre2019\/plateformes-et-technologies\/dialogflow\/"},"modified":"2021-09-29T14:38:46","modified_gmt":"2021-09-29T18:38:46","slug":"dialogflow","status":"publish","type":"page","link":"https:\/\/www.nuecho.com\/fr\/plateformes-et-technologies\/dialogflow\/","title":{"rendered":"Dialogflow"},"content":{"rendered":"<p>[et_pb_section fb_built=\u00a0\u00bb1&Prime; custom_padding_last_edited=\u00a0\u00bbon|desktop\u00a0\u00bb module_class=\u00a0\u00bbbackground_image_mobile_center\u00a0\u00bb _builder_version=\u00a0\u00bb3.22.3&Prime; background_color=\u00a0\u00bb#62b9ed\u00a0\u00bb background_image=\u00a0\u00bbhttps:\/\/www.nuecho.com\/wp-content\/uploads\/2019\/04\/NO_platforms_header-1.png\u00a0\u00bb background_size=\u00a0\u00bbcontain\u00a0\u00bb background_position=\u00a0\u00bbbottom_right\u00a0\u00bb custom_margin=\u00a0\u00bb-52px||-73px\u00a0\u00bb custom_margin_tablet=\u00a0\u00bb\u00a0\u00bb custom_margin_phone=\u00a0\u00bb||-522px|\u00a0\u00bb custom_margin_last_edited=\u00a0\u00bbon|phone\u00a0\u00bb custom_padding=\u00a0\u00bb100px|0px|101px|0px|false|false\u00a0\u00bb custom_padding_tablet=\u00a0\u00bb||0px\u00a0\u00bb custom_padding_phone=\u00a0\u00bb\u00a0\u00bb global_colors_info=\u00a0\u00bb{}\u00a0\u00bb][et_pb_row column_structure=\u00a0\u00bb1_2,1_2&Prime; _builder_version=\u00a0\u00bb3.25&Prime; custom_margin=\u00a0\u00bb||\u00a0\u00bb custom_margin_tablet=\u00a0\u00bb\u00a0\u00bb custom_margin_phone=\u00a0\u00bb||26rem\u00a0\u00bb custom_margin_last_edited=\u00a0\u00bbon|phone\u00a0\u00bb custom_padding=\u00a0\u00bb27px|0px|84px|0px|false|false\u00a0\u00bb global_colors_info=\u00a0\u00bb{}\u00a0\u00bb][et_pb_column type=\u00a0\u00bb1_2&Prime; _builder_version=\u00a0\u00bb3.25&Prime; custom_padding=\u00a0\u00bb|||\u00a0\u00bb global_colors_info=\u00a0\u00bb{}\u00a0\u00bb custom_padding__hover=\u00a0\u00bb|||\u00a0\u00bb][et_pb_text admin_label=\u00a0\u00bbCX Solution Providers\u00a0\u00bb _builder_version=\u00a0\u00bb4.8.2&Prime; text_font_size=\u00a0\u00bb23px\u00a0\u00bb header_font=\u00a0\u00bb||||||||\u00a0\u00bb header_2_font=\u00a0\u00bb||||||||\u00a0\u00bb header_2_text_color=\u00a0\u00bb#ffffff\u00a0\u00bb header_2_font_size=\u00a0\u00bb40px\u00a0\u00bb header_2_line_height=\u00a0\u00bb1.3em\u00a0\u00bb header_3_font=\u00a0\u00bbRoboto|300|||||||\u00a0\u00bb header_3_text_color=\u00a0\u00bb#ffffff\u00a0\u00bb header_3_font_size=\u00a0\u00bb35px\u00a0\u00bb animation_style=\u00a0\u00bbslide\u00a0\u00bb header_2_font_size_tablet=\u00a0\u00bb\u00a0\u00bb header_2_font_size_phone=\u00a0\u00bb28px\u00a0\u00bb header_2_font_size_last_edited=\u00a0\u00bbon|phone\u00a0\u00bb header_3_font_size_tablet=\u00a0\u00bb\u00a0\u00bb header_3_font_size_phone=\u00a0\u00bb28px\u00a0\u00bb header_3_font_size_last_edited=\u00a0\u00bbon|phone\u00a0\u00bb global_colors_info=\u00a0\u00bb{}\u00a0\u00bb]<\/p>\n<h2>Utilisez la puissance de Google Dialogflow dans votre entreprise<\/h2>\n<p>&nbsp;<\/p>\n<h2><img decoding=\"async\" class=\"wp-image-7907 alignnone size-full lazyload\" data-src=\"https:\/\/www.nuecho.com\/wp-content\/uploads\/2021\/02\/GC-Partner-page-home.png\" alt=\"Google Partner Dialogflow\" width=\"100\" height=\"99\" src=\"data:image\/gif;base64,R0lGODlhAQABAAAAACH5BAEKAAEALAAAAAABAAEAAAICTAEAOw==\" style=\"--smush-placeholder-width: 100px; --smush-placeholder-aspect-ratio: 100\/99;\" \/><\/h2>\n<p>[\/et_pb_text][\/et_pb_column][et_pb_column type=\u00a0\u00bb1_2&Prime; _builder_version=\u00a0\u00bb3.25&Prime; custom_padding=\u00a0\u00bb|||\u00a0\u00bb global_colors_info=\u00a0\u00bb{}\u00a0\u00bb custom_padding__hover=\u00a0\u00bb|||\u00a0\u00bb][\/et_pb_column][\/et_pb_row][\/et_pb_section][et_pb_section fb_built=\u00a0\u00bb1&Prime; admin_label=\u00a0\u00bbSection &#8211; Clients and Partners\u00a0\u00bb _builder_version=\u00a0\u00bb3.22.3&Prime; background_color=\u00a0\u00bb#f0f0f0&Prime; custom_padding=\u00a0\u00bb0em||||false|false\u00a0\u00bb global_colors_info=\u00a0\u00bb{}\u00a0\u00bb][et_pb_row column_structure=\u00a0\u00bb1_4,3_4&Prime; _builder_version=\u00a0\u00bb3.29.3&Prime; global_colors_info=\u00a0\u00bb{}\u00a0\u00bb][et_pb_column type=\u00a0\u00bb1_4&Prime; _builder_version=\u00a0\u00bb3.25&Prime; custom_padding=\u00a0\u00bb|||\u00a0\u00bb global_colors_info=\u00a0\u00bb{}\u00a0\u00bb custom_padding__hover=\u00a0\u00bb|||\u00a0\u00bb][et_pb_image src=\u00a0\u00bbhttps:\/\/www.nuecho.com\/wp-content\/uploads\/2019\/04\/logo-dialogflow.png\u00a0\u00bb align=\u00a0\u00bbcenter\u00a0\u00bb align_tablet=\u00a0\u00bbcenter\u00a0\u00bb align_phone=\u00a0\u00bb\u00a0\u00bb align_last_edited=\u00a0\u00bbon|desktop\u00a0\u00bb admin_label=\u00a0\u00bbImage &#8211; Nuance\u00a0\u00bb _builder_version=\u00a0\u00bb3.29.3&Prime; custom_padding=\u00a0\u00bb10px||10px||true|false\u00a0\u00bb animation_style=\u00a0\u00bbroll\u00a0\u00bb animation_duration=\u00a0\u00bb700ms\u00a0\u00bb animation_delay=\u00a0\u00bb100ms\u00a0\u00bb global_colors_info=\u00a0\u00bb{}\u00a0\u00bb transform_styles__hover_enabled=\u00a0\u00bbon\u00a0\u00bb transform_scale__hover_enabled=\u00a0\u00bbon\u00a0\u00bb transform_translate__hover_enabled=\u00a0\u00bbon\u00a0\u00bb transform_rotate__hover_enabled=\u00a0\u00bbon\u00a0\u00bb transform_skew__hover_enabled=\u00a0\u00bbon\u00a0\u00bb transform_origin__hover_enabled=\u00a0\u00bbon\u00a0\u00bb transform_scale__hover=\u00a0\u00bb105%|105%\u00a0\u00bb][\/et_pb_image][\/et_pb_column][et_pb_column type=\u00a0\u00bb3_4&Prime; _builder_version=\u00a0\u00bb3.25&Prime; custom_padding=\u00a0\u00bb|||\u00a0\u00bb global_colors_info=\u00a0\u00bb{}\u00a0\u00bb custom_padding__hover=\u00a0\u00bb|||\u00a0\u00bb][et_pb_text _builder_version=\u00a0\u00bb3.29.3&Prime; custom_padding=\u00a0\u00bb20px||30px||false|false\u00a0\u00bb global_colors_info=\u00a0\u00bb{}\u00a0\u00bb]<\/p>\n<p><span>Diagflow est une plateforme d\u2019IA conversationnelle de premier plan qui peut \u00eatre utilis\u00e9e pour cr\u00e9er des agents virtuels vocaux et num\u00e9riques sur n\u2019importe quel canal, y compris la RVI. Dialogflow incorpore la technologie d\u2019apprentissage machine de Google et l\u2019engin de reconnaissance vocale Google Cloud Speech-to-Text. Puisque Dialogflow est un service de Google qui fonctionne sur la plateforme infonuagique Google Cloud, l\u2019application vous permet de rendre vos services disponibles \u00e0 des centaines de millions d\u2019utilisateurs.<\/span><\/p>\n<p>[\/et_pb_text][\/et_pb_column][\/et_pb_row][\/et_pb_section][et_pb_section fb_built=\u00a0\u00bb1&Prime; admin_label=\u00a0\u00bbSection &#8211; Clients and Partners\u00a0\u00bb _builder_version=\u00a0\u00bb4.0.6&Prime; background_color=\u00a0\u00bb#f0f0f0&Prime; custom_margin=\u00a0\u00bb-48px|||||\u00a0\u00bb custom_padding=\u00a0\u00bb0em||||false|false\u00a0\u00bb global_colors_info=\u00a0\u00bb{}\u00a0\u00bb][et_pb_row _builder_version=\u00a0\u00bb3.29.3&Prime; custom_padding=\u00a0\u00bb50px||4px||false|false\u00a0\u00bb global_colors_info=\u00a0\u00bb{}\u00a0\u00bb][et_pb_column type=\u00a0\u00bb4_4&Prime; _builder_version=\u00a0\u00bb3.25&Prime; custom_padding=\u00a0\u00bb|||\u00a0\u00bb global_colors_info=\u00a0\u00bb{}\u00a0\u00bb custom_padding__hover=\u00a0\u00bb|||\u00a0\u00bb][et_pb_text _builder_version=\u00a0\u00bb3.29.3&Prime; global_colors_info=\u00a0\u00bb{}\u00a0\u00bb]<\/p>\n<h3>Pourquoi faire appel \u00e0 Nu Echo pour votre projet Dialogflow?<\/h3>\n<p>[\/et_pb_text][\/et_pb_column][\/et_pb_row][et_pb_row column_structure=\u00a0\u00bb1_2,1_2&Prime; _builder_version=\u00a0\u00bb3.29.3&Prime; custom_padding=\u00a0\u00bb||||false|false\u00a0\u00bb global_colors_info=\u00a0\u00bb{}\u00a0\u00bb][et_pb_column type=\u00a0\u00bb1_2&Prime; _builder_version=\u00a0\u00bb3.25&Prime; custom_padding=\u00a0\u00bb|||\u00a0\u00bb global_colors_info=\u00a0\u00bb{}\u00a0\u00bb custom_padding__hover=\u00a0\u00bb|||\u00a0\u00bb][et_pb_text _builder_version=\u00a0\u00bb3.29.3&Prime; text_line_height=\u00a0\u00bb1.71em\u00a0\u00bb custom_padding=\u00a0\u00bb||0px|||\u00a0\u00bb global_colors_info=\u00a0\u00bb{}\u00a0\u00bb]<\/p>\n<h4>18 ans d\u2019expertise conversationnelle<\/h4>\n<p>La conception d\u2019exp\u00e9rience utilisateur conversationnelle implique une panoplie de d\u00e9tails importants : comment poser une question de fa\u00e7on \u00e0 obtenir des r\u00e9ponses pr\u00e9visibles; comment g\u00e9rer les digressions des utilisateurs, les corrections et les changements d\u2019avis; comment optimiser l\u2019utilisation des scores de confiance des r\u00e9sultats de l\u2019engin NLU; comment r\u00e9cup\u00e9rer suite \u00e0 un \u00e9chec de la de la reconnaissance vocale ou du traitement de la langue naturelle; comment diriger un dialogue tout en donnant un sentiment de contr\u00f4le aux utilisateurs. C\u2019est \u00e0 la fois une science et un art. Et ce n\u2019est assur\u00e9ment pas une expertise qui s\u2019improvise. Elle se fonde sur des ann\u00e9es d\u2019exp\u00e9rience dans la mise au point de meilleures pratiques et sur l\u2019observation de ce qui fonctionne ou non.<\/p>\n<p>Nous \u00e9tions des pionniers de la conception d\u2019exp\u00e9rience utilisateur conversationnelle bien avant que la majorit\u00e9 des gens sachent que \u00e7a existe. Nous avons b\u00e2ti notre pratique conversationnelle au cours des 17 derni\u00e8res ann\u00e9es, de mani\u00e8re \u00e0 ce que vous n\u2019ayez pas \u00e0 faire les m\u00eames erreurs que les autres.<\/p>\n<p>[\/et_pb_text][et_pb_text _builder_version=\u00a0\u00bb4.6.6&Prime; _module_preset=\u00a0\u00bbdefault\u00a0\u00bb text_line_height=\u00a0\u00bb1.71em\u00a0\u00bb custom_padding=\u00a0\u00bb||0px|||\u00a0\u00bb global_colors_info=\u00a0\u00bb{}\u00a0\u00bb]<\/p>\n<h4>Pratiques d\u2019ing\u00e9nierie \u00e9prouv\u00e9es<\/h4>\n<p>Peu importe les outils de d\u00e9veloppement que vous utilisez, un agent virtuel intelligent est une application complexe qui doit \u00eatre d\u00e9velopp\u00e9e \u00e0 l\u2019aide de m\u00e9thodes d\u2019ing\u00e9nierie \u00e9prouv\u00e9es permettant d\u2019effectuer des mises \u00e0 jour fr\u00e9quentes et de profiter d\u2019une plateforme qui est toujours exempte de bogues et qui fonctionne sans faille.<\/p>\n<p>[\/et_pb_text][\/et_pb_column][et_pb_column type=\u00a0\u00bb1_2&Prime; _builder_version=\u00a0\u00bb3.29.3&Prime; global_colors_info=\u00a0\u00bb{}\u00a0\u00bb][et_pb_text _builder_version=\u00a0\u00bb4.10.7&Prime; _module_preset=\u00a0\u00bbdefault\u00a0\u00bb text_line_height=\u00a0\u00bb1.71em\u00a0\u00bb custom_padding=\u00a0\u00bb||0px|||\u00a0\u00bb global_colors_info=\u00a0\u00bb{}\u00a0\u00bb]<\/p>\n<h4>Expertise reconnue en reconnaissance vocale et NLU : Parce que \u00e7a fait toute la diff\u00e9rence<\/h4>\n<p>Peu importe la qualit\u00e9 de la conception conversationnelle, si la reconnaissance vocale et la compr\u00e9hension du langage naturel ne sont pas \u00e0 la hauteur, c&rsquo;est l&rsquo;\u00e9chec assur\u00e9. Nous raffinons nos m\u00e9thodologies et nos outils d\u2019optimisation depuis plus de 18 ans afin de garantir les meilleurs taux de succ\u00e8s et la meilleure exp\u00e9rience utilisateur possible. Nous \u00e9valuons constamment les engins NLU et de reconnaissance vocale afin de les comparer et de comprendre comment en obtenir la meilleure pr\u00e9cision possible.<\/p>\n<p>[\/et_pb_text][et_pb_video src=\u00a0\u00bbhttps:\/\/www.youtube.com\/watch?v=E96x7t4PmOw&#038;hl=fr&#038;cc_lang_pref=fr&#038;cc_load_policy=1&Prime; _builder_version=\u00a0\u00bb4.10.8&Prime; _module_preset=\u00a0\u00bbdefault\u00a0\u00bb width=\u00a0\u00bb100%\u00a0\u00bb hover_enabled=\u00a0\u00bb0&Prime; global_colors_info=\u00a0\u00bb{}\u00a0\u00bb sticky_enabled=\u00a0\u00bb0&Prime;][\/et_pb_video][\/et_pb_column][\/et_pb_row][\/et_pb_section][et_pb_section fb_built=\u00a0\u00bb1&Prime; disabled_on=\u00a0\u00bbon|on|on\u00a0\u00bb module_id=\u00a0\u00bbContact\u00a0\u00bb _builder_version=\u00a0\u00bb3.22.3&Prime; background_color=\u00a0\u00bb#fb7c3e\u00a0\u00bb custom_padding=\u00a0\u00bb70px|0px|70px|0px|true|false\u00a0\u00bb disabled=\u00a0\u00bbon\u00a0\u00bb global_colors_info=\u00a0\u00bb{}\u00a0\u00bb][et_pb_row _builder_version=\u00a0\u00bb3.25&Prime; custom_padding=\u00a0\u00bb30px|0px|30px|0px|true|false\u00a0\u00bb global_colors_info=\u00a0\u00bb{}\u00a0\u00bb][et_pb_column type=\u00a0\u00bb4_4&Prime; _builder_version=\u00a0\u00bb3.25&Prime; custom_padding=\u00a0\u00bb|||\u00a0\u00bb global_colors_info=\u00a0\u00bb{}\u00a0\u00bb custom_padding__hover=\u00a0\u00bb|||\u00a0\u00bb][et_pb_text _builder_version=\u00a0\u00bb3.27.4&Prime; text_font=\u00a0\u00bb|300|||||||\u00a0\u00bb text_text_color=\u00a0\u00bb#ffffff\u00a0\u00bb text_font_size=\u00a0\u00bb24px\u00a0\u00bb header_font=\u00a0\u00bb||||||||\u00a0\u00bb header_2_font=\u00a0\u00bb||||||||\u00a0\u00bb header_2_text_color=\u00a0\u00bb#ffffff\u00a0\u00bb header_2_font_size=\u00a0\u00bb32px\u00a0\u00bb text_orientation=\u00a0\u00bbcenter\u00a0\u00bb global_colors_info=\u00a0\u00bb{}\u00a0\u00bb]<\/p>\n<h2>Communiquez avec nous<\/h2>\n<p>[\/et_pb_text][et_pb_text admin_label=\u00a0\u00bbGravity Form &#8211; EN\u00a0\u00bb _builder_version=\u00a0\u00bb3.27.4&Prime; global_colors_info=\u00a0\u00bb{}\u00a0\u00bb][gravityform id=\u00a0\u00bb1&Prime; title=\u00a0\u00bbfalse\u00a0\u00bb description=\u00a0\u00bbfalse\u00a0\u00bb][\/et_pb_text][\/et_pb_column][\/et_pb_row][\/et_pb_section]<\/p>\n","protected":false},"excerpt":{"rendered":"<p>Utilisez la puissance de Google Dialogflow dans votre entreprise &nbsp; Diagflow est une plateforme d\u2019IA conversationnelle de premier plan qui peut \u00eatre utilis\u00e9e pour cr\u00e9er des agents virtuels vocaux et num\u00e9riques sur n\u2019importe quel canal, y compris la RVI. Dialogflow incorpore la technologie d\u2019apprentissage machine de Google et l\u2019engin de reconnaissance vocale Google Cloud Speech-to-Text. [&hellip;]<\/p>\n","protected":false},"author":10,"featured_media":0,"parent":2719,"menu_order":0,"comment_status":"closed","ping_status":"closed","template":"","meta":{"_et_pb_use_builder":"on","_et_pb_old_content":"","_et_gb_content_width":"","om_disable_all_campaigns":false,"_monsterinsights_skip_tracking":false,"_monsterinsights_sitenote_active":false,"_monsterinsights_sitenote_note":"","_monsterinsights_sitenote_category":0,"footnotes":""},"class_list":["post-5032","page","type-page","status-publish","hentry"],"aioseo_notices":[],"yoast_head":"<!-- This site is optimized with the Yoast SEO plugin v26.9 - https:\/\/yoast.com\/product\/yoast-seo-wordpress\/ -->\n<title>Solutions voicebots avec Google Dialogflow - IA pour centres d&#039;appels<\/title>\n<meta name=\"description\" content=\"Cr\u00e9ation de solutions conversationnelles intelligentes pour am\u00e9liorer l&#039;exp\u00e9rience client : banque-assurance, gouvernement, telco, sant\u00e9 et plus\" \/>\n<meta name=\"robots\" content=\"index, follow, max-snippet:-1, max-image-preview:large, max-video-preview:-1\" \/>\n<link rel=\"canonical\" href=\"https:\/\/www.nuecho.com\/fr\/plateformes-et-technologies\/dialogflow\/\" \/>\n<meta property=\"og:locale\" content=\"fr_FR\" \/>\n<meta property=\"og:type\" content=\"article\" \/>\n<meta property=\"og:title\" content=\"Solutions voicebots avec Google Dialogflow - IA pour centres d&#039;appels\" \/>\n<meta property=\"og:description\" content=\"Cr\u00e9ation de solutions conversationnelles intelligentes pour am\u00e9liorer l&#039;exp\u00e9rience client : banque-assurance, gouvernement, telco, sant\u00e9 et plus\" \/>\n<meta property=\"og:url\" content=\"https:\/\/www.nuecho.com\/fr\/plateformes-et-technologies\/dialogflow\/\" \/>\n<meta property=\"og:site_name\" content=\"AI Virtual Voice Experts with Google Dialogflow CX - CCAI - Nu Echo\" \/>\n<meta property=\"article:publisher\" content=\"https:\/\/www.facebook.com\/nuechoinc\/\" \/>\n<meta property=\"article:modified_time\" content=\"2021-09-29T18:38:46+00:00\" \/>\n<meta property=\"og:image\" content=\"https:\/\/www.nuecho.com\/wp-content\/uploads\/2021\/02\/GC-Partner-page-home.png\" \/>\n<meta name=\"twitter:card\" content=\"summary_large_image\" \/>\n<meta name=\"twitter:site\" content=\"@nuecho\" \/>\n<meta name=\"twitter:label1\" content=\"Dur\u00e9e de lecture estim\u00e9e\" \/>\n\t<meta name=\"twitter:data1\" content=\"6 minutes\" \/>\n<script type=\"application\/ld+json\" class=\"yoast-schema-graph\">{\"@context\":\"https:\/\/schema.org\",\"@graph\":[{\"@type\":\"WebPage\",\"@id\":\"https:\/\/www.nuecho.com\/fr\/plateformes-et-technologies\/dialogflow\/\",\"url\":\"https:\/\/www.nuecho.com\/fr\/plateformes-et-technologies\/dialogflow\/\",\"name\":\"Solutions voicebots avec Google Dialogflow - IA pour centres d'appels\",\"isPartOf\":{\"@id\":\"https:\/\/www.nuecho.com\/fr\/#website\"},\"primaryImageOfPage\":{\"@id\":\"https:\/\/www.nuecho.com\/fr\/plateformes-et-technologies\/dialogflow\/#primaryimage\"},\"image\":{\"@id\":\"https:\/\/www.nuecho.com\/fr\/plateformes-et-technologies\/dialogflow\/#primaryimage\"},\"thumbnailUrl\":\"https:\/\/www.nuecho.com\/wp-content\/uploads\/2021\/02\/GC-Partner-page-home.png\",\"datePublished\":\"2019-11-01T19:36:06+00:00\",\"dateModified\":\"2021-09-29T18:38:46+00:00\",\"description\":\"Cr\u00e9ation de solutions conversationnelles intelligentes pour am\u00e9liorer l'exp\u00e9rience client : banque-assurance, gouvernement, telco, sant\u00e9 et plus\",\"breadcrumb\":{\"@id\":\"https:\/\/www.nuecho.com\/fr\/plateformes-et-technologies\/dialogflow\/#breadcrumb\"},\"inLanguage\":\"fr-FR\",\"potentialAction\":[{\"@type\":\"ReadAction\",\"target\":[\"https:\/\/www.nuecho.com\/fr\/plateformes-et-technologies\/dialogflow\/\"]}]},{\"@type\":\"ImageObject\",\"inLanguage\":\"fr-FR\",\"@id\":\"https:\/\/www.nuecho.com\/fr\/plateformes-et-technologies\/dialogflow\/#primaryimage\",\"url\":\"https:\/\/www.nuecho.com\/wp-content\/uploads\/2021\/02\/GC-Partner-page-home.png\",\"contentUrl\":\"https:\/\/www.nuecho.com\/wp-content\/uploads\/2021\/02\/GC-Partner-page-home.png\"},{\"@type\":\"BreadcrumbList\",\"@id\":\"https:\/\/www.nuecho.com\/fr\/plateformes-et-technologies\/dialogflow\/#breadcrumb\",\"itemListElement\":[{\"@type\":\"ListItem\",\"position\":1,\"name\":\"Home\",\"item\":\"https:\/\/www.nuecho.com\/fr\/\"},{\"@type\":\"ListItem\",\"position\":2,\"name\":\"Plateformes et technologies\",\"item\":\"https:\/\/www.nuecho.com\/fr\/?page_id=2719\"},{\"@type\":\"ListItem\",\"position\":3,\"name\":\"Dialogflow\"}]},{\"@type\":\"WebSite\",\"@id\":\"https:\/\/www.nuecho.com\/fr\/#website\",\"url\":\"https:\/\/www.nuecho.com\/fr\/\",\"name\":\"AI Virtual Voice Experts with Google Dialogflow CX - CCAI - Nu Echo\",\"description\":\"Nu Echo\",\"publisher\":{\"@id\":\"https:\/\/www.nuecho.com\/fr\/#organization\"},\"potentialAction\":[{\"@type\":\"SearchAction\",\"target\":{\"@type\":\"EntryPoint\",\"urlTemplate\":\"https:\/\/www.nuecho.com\/fr\/?s={search_term_string}\"},\"query-input\":{\"@type\":\"PropertyValueSpecification\",\"valueRequired\":true,\"valueName\":\"search_term_string\"}}],\"inLanguage\":\"fr-FR\"},{\"@type\":\"Organization\",\"@id\":\"https:\/\/www.nuecho.com\/fr\/#organization\",\"name\":\"Nu Echo - Conversation AI | IA Conversationnelle\",\"url\":\"https:\/\/www.nuecho.com\/fr\/\",\"logo\":{\"@type\":\"ImageObject\",\"inLanguage\":\"fr-FR\",\"@id\":\"https:\/\/www.nuecho.com\/fr\/#\/schema\/logo\/image\/\",\"url\":\"https:\/\/www.nuecho.com\/wp-content\/uploads\/2019\/03\/bottom-logo.png\",\"contentUrl\":\"https:\/\/www.nuecho.com\/wp-content\/uploads\/2019\/03\/bottom-logo.png\",\"width\":138,\"height\":27,\"caption\":\"Nu Echo - Conversation AI | IA Conversationnelle\"},\"image\":{\"@id\":\"https:\/\/www.nuecho.com\/fr\/#\/schema\/logo\/image\/\"},\"sameAs\":[\"https:\/\/www.facebook.com\/nuechoinc\/\",\"https:\/\/x.com\/nuecho\",\"https:\/\/ca.linkedin.com\/company\/nu-echo\"]}]}<\/script>\n<!-- \/ Yoast SEO plugin. -->","yoast_head_json":{"title":"Solutions voicebots avec Google Dialogflow - IA pour centres d'appels","description":"Cr\u00e9ation de solutions conversationnelles intelligentes pour am\u00e9liorer l'exp\u00e9rience client : banque-assurance, gouvernement, telco, sant\u00e9 et plus","robots":{"index":"index","follow":"follow","max-snippet":"max-snippet:-1","max-image-preview":"max-image-preview:large","max-video-preview":"max-video-preview:-1"},"canonical":"https:\/\/www.nuecho.com\/fr\/plateformes-et-technologies\/dialogflow\/","og_locale":"fr_FR","og_type":"article","og_title":"Solutions voicebots avec Google Dialogflow - IA pour centres d'appels","og_description":"Cr\u00e9ation de solutions conversationnelles intelligentes pour am\u00e9liorer l'exp\u00e9rience client : banque-assurance, gouvernement, telco, sant\u00e9 et plus","og_url":"https:\/\/www.nuecho.com\/fr\/plateformes-et-technologies\/dialogflow\/","og_site_name":"AI Virtual Voice Experts with Google Dialogflow CX - CCAI - Nu Echo","article_publisher":"https:\/\/www.facebook.com\/nuechoinc\/","article_modified_time":"2021-09-29T18:38:46+00:00","og_image":[{"url":"https:\/\/www.nuecho.com\/wp-content\/uploads\/2021\/02\/GC-Partner-page-home.png","type":"","width":"","height":""}],"twitter_card":"summary_large_image","twitter_site":"@nuecho","twitter_misc":{"Dur\u00e9e de lecture estim\u00e9e":"6 minutes"},"schema":{"@context":"https:\/\/schema.org","@graph":[{"@type":"WebPage","@id":"https:\/\/www.nuecho.com\/fr\/plateformes-et-technologies\/dialogflow\/","url":"https:\/\/www.nuecho.com\/fr\/plateformes-et-technologies\/dialogflow\/","name":"Solutions voicebots avec Google Dialogflow - IA pour centres d'appels","isPartOf":{"@id":"https:\/\/www.nuecho.com\/fr\/#website"},"primaryImageOfPage":{"@id":"https:\/\/www.nuecho.com\/fr\/plateformes-et-technologies\/dialogflow\/#primaryimage"},"image":{"@id":"https:\/\/www.nuecho.com\/fr\/plateformes-et-technologies\/dialogflow\/#primaryimage"},"thumbnailUrl":"https:\/\/www.nuecho.com\/wp-content\/uploads\/2021\/02\/GC-Partner-page-home.png","datePublished":"2019-11-01T19:36:06+00:00","dateModified":"2021-09-29T18:38:46+00:00","description":"Cr\u00e9ation de solutions conversationnelles intelligentes pour am\u00e9liorer l'exp\u00e9rience client : banque-assurance, gouvernement, telco, sant\u00e9 et plus","breadcrumb":{"@id":"https:\/\/www.nuecho.com\/fr\/plateformes-et-technologies\/dialogflow\/#breadcrumb"},"inLanguage":"fr-FR","potentialAction":[{"@type":"ReadAction","target":["https:\/\/www.nuecho.com\/fr\/plateformes-et-technologies\/dialogflow\/"]}]},{"@type":"ImageObject","inLanguage":"fr-FR","@id":"https:\/\/www.nuecho.com\/fr\/plateformes-et-technologies\/dialogflow\/#primaryimage","url":"https:\/\/www.nuecho.com\/wp-content\/uploads\/2021\/02\/GC-Partner-page-home.png","contentUrl":"https:\/\/www.nuecho.com\/wp-content\/uploads\/2021\/02\/GC-Partner-page-home.png"},{"@type":"BreadcrumbList","@id":"https:\/\/www.nuecho.com\/fr\/plateformes-et-technologies\/dialogflow\/#breadcrumb","itemListElement":[{"@type":"ListItem","position":1,"name":"Home","item":"https:\/\/www.nuecho.com\/fr\/"},{"@type":"ListItem","position":2,"name":"Plateformes et technologies","item":"https:\/\/www.nuecho.com\/fr\/?page_id=2719"},{"@type":"ListItem","position":3,"name":"Dialogflow"}]},{"@type":"WebSite","@id":"https:\/\/www.nuecho.com\/fr\/#website","url":"https:\/\/www.nuecho.com\/fr\/","name":"AI Virtual Voice Experts with Google Dialogflow CX - CCAI - Nu Echo","description":"Nu Echo","publisher":{"@id":"https:\/\/www.nuecho.com\/fr\/#organization"},"potentialAction":[{"@type":"SearchAction","target":{"@type":"EntryPoint","urlTemplate":"https:\/\/www.nuecho.com\/fr\/?s={search_term_string}"},"query-input":{"@type":"PropertyValueSpecification","valueRequired":true,"valueName":"search_term_string"}}],"inLanguage":"fr-FR"},{"@type":"Organization","@id":"https:\/\/www.nuecho.com\/fr\/#organization","name":"Nu Echo - Conversation AI | IA Conversationnelle","url":"https:\/\/www.nuecho.com\/fr\/","logo":{"@type":"ImageObject","inLanguage":"fr-FR","@id":"https:\/\/www.nuecho.com\/fr\/#\/schema\/logo\/image\/","url":"https:\/\/www.nuecho.com\/wp-content\/uploads\/2019\/03\/bottom-logo.png","contentUrl":"https:\/\/www.nuecho.com\/wp-content\/uploads\/2019\/03\/bottom-logo.png","width":138,"height":27,"caption":"Nu Echo - Conversation AI | IA Conversationnelle"},"image":{"@id":"https:\/\/www.nuecho.com\/fr\/#\/schema\/logo\/image\/"},"sameAs":["https:\/\/www.facebook.com\/nuechoinc\/","https:\/\/x.com\/nuecho","https:\/\/ca.linkedin.com\/company\/nu-echo"]}]}},"_links":{"self":[{"href":"https:\/\/www.nuecho.com\/fr\/wp-json\/wp\/v2\/pages\/5032","targetHints":{"allow":["GET"]}}],"collection":[{"href":"https:\/\/www.nuecho.com\/fr\/wp-json\/wp\/v2\/pages"}],"about":[{"href":"https:\/\/www.nuecho.com\/fr\/wp-json\/wp\/v2\/types\/page"}],"author":[{"embeddable":true,"href":"https:\/\/www.nuecho.com\/fr\/wp-json\/wp\/v2\/users\/10"}],"replies":[{"embeddable":true,"href":"https:\/\/www.nuecho.com\/fr\/wp-json\/wp\/v2\/comments?post=5032"}],"version-history":[{"count":5,"href":"https:\/\/www.nuecho.com\/fr\/wp-json\/wp\/v2\/pages\/5032\/revisions"}],"predecessor-version":[{"id":9318,"href":"https:\/\/www.nuecho.com\/fr\/wp-json\/wp\/v2\/pages\/5032\/revisions\/9318"}],"up":[{"embeddable":true,"href":"https:\/\/www.nuecho.com\/fr\/wp-json\/wp\/v2\/pages\/2719"}],"wp:attachment":[{"href":"https:\/\/www.nuecho.com\/fr\/wp-json\/wp\/v2\/media?parent=5032"}],"curies":[{"name":"wp","href":"https:\/\/api.w.org\/{rel}","templated":true}]}}