{"id":5047,"date":"2019-11-01T16:00:30","date_gmt":"2019-11-01T20:00:30","guid":{"rendered":"https:\/\/zux.zsm.mybluehost.me\/majoctobre2019\/plateformes-et-technologies\/rasa\/"},"modified":"2021-09-03T14:05:56","modified_gmt":"2021-09-03T18:05:56","slug":"rasa","status":"publish","type":"page","link":"https:\/\/www.nuecho.com\/fr\/plateformes-et-technologies\/rasa\/","title":{"rendered":"Rasa"},"content":{"rendered":"<p>[et_pb_section fb_built=\u00a0\u00bb1&Prime; custom_padding_last_edited=\u00a0\u00bbon|desktop\u00a0\u00bb module_class=\u00a0\u00bbbackground_image_mobile_center\u00a0\u00bb _builder_version=\u00a0\u00bb4.10.5&Prime; background_color=\u00a0\u00bb#62b9ed\u00a0\u00bb background_image=\u00a0\u00bbhttps:\/\/www.nuecho.com\/wp-content\/uploads\/2019\/04\/NO_platforms_header-1.png\u00a0\u00bb background_size=\u00a0\u00bbcontain\u00a0\u00bb background_position=\u00a0\u00bbbottom_right\u00a0\u00bb custom_margin=\u00a0\u00bb-52px||-73px\u00a0\u00bb custom_margin_tablet=\u00a0\u00bb\u00a0\u00bb custom_margin_phone=\u00a0\u00bb||-522px|\u00a0\u00bb custom_margin_last_edited=\u00a0\u00bbon|phone\u00a0\u00bb custom_padding=\u00a0\u00bb100px|0px|101px|0px|false|false\u00a0\u00bb custom_padding_tablet=\u00a0\u00bb||0px\u00a0\u00bb custom_padding_phone=\u00a0\u00bb\u00a0\u00bb global_colors_info=\u00a0\u00bb{}\u00a0\u00bb][et_pb_row column_structure=\u00a0\u00bb1_2,1_2&Prime; _builder_version=\u00a0\u00bb3.25&Prime; custom_margin=\u00a0\u00bb||\u00a0\u00bb custom_margin_tablet=\u00a0\u00bb\u00a0\u00bb custom_margin_phone=\u00a0\u00bb||26rem\u00a0\u00bb custom_margin_last_edited=\u00a0\u00bbon|phone\u00a0\u00bb custom_padding=\u00a0\u00bb27px|0px|84px|0px|false|false\u00a0\u00bb global_colors_info=\u00a0\u00bb{}\u00a0\u00bb][et_pb_column type=\u00a0\u00bb1_2&Prime; _builder_version=\u00a0\u00bb3.25&Prime; custom_padding=\u00a0\u00bb|||\u00a0\u00bb global_colors_info=\u00a0\u00bb{}\u00a0\u00bb custom_padding__hover=\u00a0\u00bb|||\u00a0\u00bb][et_pb_text admin_label=\u00a0\u00bbRasa Title\u00a0\u00bb _builder_version=\u00a0\u00bb4.10.5&Prime; text_text_color=\u00a0\u00bb#ffffff\u00a0\u00bb text_font_size=\u00a0\u00bb38px\u00a0\u00bb header_font=\u00a0\u00bb||||||||\u00a0\u00bb header_font_size=\u00a0\u00bb59px\u00a0\u00bb header_2_font=\u00a0\u00bb||||||||\u00a0\u00bb header_2_text_color=\u00a0\u00bb#ffffff\u00a0\u00bb header_2_font_size=\u00a0\u00bb40px\u00a0\u00bb header_2_line_height=\u00a0\u00bb1.3em\u00a0\u00bb header_3_font=\u00a0\u00bbRoboto|300|||||||\u00a0\u00bb header_3_text_color=\u00a0\u00bb#ffffff\u00a0\u00bb header_3_font_size=\u00a0\u00bb35px\u00a0\u00bb background_color=\u00a0\u00bbrgba(0,0,0,0)\u00a0\u00bb animation_style=\u00a0\u00bbslide\u00a0\u00bb header_2_font_size_tablet=\u00a0\u00bb\u00a0\u00bb header_2_font_size_phone=\u00a0\u00bb28px\u00a0\u00bb header_2_font_size_last_edited=\u00a0\u00bbon|phone\u00a0\u00bb header_3_font_size_tablet=\u00a0\u00bb\u00a0\u00bb header_3_font_size_phone=\u00a0\u00bb28px\u00a0\u00bb header_3_font_size_last_edited=\u00a0\u00bbon|phone\u00a0\u00bb inline_fonts=\u00a0\u00bbVerdana\u00a0\u00bb global_colors_info=\u00a0\u00bb{}\u00a0\u00bb]<\/p>\n<h2>Rasa<\/h2>\n<p>[\/et_pb_text][\/et_pb_column][et_pb_column type=\u00a0\u00bb1_2&Prime; _builder_version=\u00a0\u00bb3.25&Prime; custom_padding=\u00a0\u00bb|||\u00a0\u00bb global_colors_info=\u00a0\u00bb{}\u00a0\u00bb custom_padding__hover=\u00a0\u00bb|||\u00a0\u00bb][\/et_pb_column][\/et_pb_row][\/et_pb_section][et_pb_section fb_built=\u00a0\u00bb1&Prime; admin_label=\u00a0\u00bbSection &#8211; Info Rasa\u00a0\u00bb _builder_version=\u00a0\u00bb4.10.5&Prime; background_color=\u00a0\u00bb#f0f0f0&Prime; custom_padding=\u00a0\u00bb||||false|false\u00a0\u00bb global_colors_info=\u00a0\u00bb{}\u00a0\u00bb][et_pb_row column_structure=\u00a0\u00bb1_4,3_4&Prime; _builder_version=\u00a0\u00bb3.29.3&Prime; global_colors_info=\u00a0\u00bb{}\u00a0\u00bb][et_pb_column type=\u00a0\u00bb1_4&Prime; _builder_version=\u00a0\u00bb3.25&Prime; custom_padding=\u00a0\u00bb|||\u00a0\u00bb global_colors_info=\u00a0\u00bb{}\u00a0\u00bb custom_padding__hover=\u00a0\u00bb|||\u00a0\u00bb][et_pb_image src=\u00a0\u00bbhttps:\/\/www.nuecho.com\/wp-content\/uploads\/2019\/06\/logo-rasa.png\u00a0\u00bb align=\u00a0\u00bbcenter\u00a0\u00bb align_tablet=\u00a0\u00bbcenter\u00a0\u00bb align_phone=\u00a0\u00bb\u00a0\u00bb align_last_edited=\u00a0\u00bbon|desktop\u00a0\u00bb admin_label=\u00a0\u00bbImage &#8211; Rasa\u00a0\u00bb _builder_version=\u00a0\u00bb3.29.3&Prime; custom_padding=\u00a0\u00bb10px||10px||true|false\u00a0\u00bb animation_style=\u00a0\u00bbroll\u00a0\u00bb animation_duration=\u00a0\u00bb700ms\u00a0\u00bb animation_delay=\u00a0\u00bb100ms\u00a0\u00bb global_colors_info=\u00a0\u00bb{}\u00a0\u00bb transform_styles__hover_enabled=\u00a0\u00bbon\u00a0\u00bb transform_scale__hover_enabled=\u00a0\u00bbon\u00a0\u00bb transform_translate__hover_enabled=\u00a0\u00bbon\u00a0\u00bb transform_rotate__hover_enabled=\u00a0\u00bbon\u00a0\u00bb transform_skew__hover_enabled=\u00a0\u00bbon\u00a0\u00bb transform_origin__hover_enabled=\u00a0\u00bbon\u00a0\u00bb transform_scale__hover=\u00a0\u00bb105%|105%\u00a0\u00bb][\/et_pb_image][\/et_pb_column][et_pb_column type=\u00a0\u00bb3_4&Prime; _builder_version=\u00a0\u00bb3.25&Prime; custom_padding=\u00a0\u00bb|||\u00a0\u00bb global_colors_info=\u00a0\u00bb{}\u00a0\u00bb custom_padding__hover=\u00a0\u00bb|||\u00a0\u00bb][et_pb_text admin_label=\u00a0\u00bbText &#8211; Rasa Definition\u00a0\u00bb _builder_version=\u00a0\u00bb4.10.5&Prime; custom_padding=\u00a0\u00bb||0px||false|false\u00a0\u00bb global_colors_info=\u00a0\u00bb{}\u00a0\u00bb]<\/p>\n<p>Rasa offre une plateforme d\u2019IA conversationnelle en code source libre qui est unique par son aptitude \u00e0 utiliser l\u2019apprentissage machine pour apprendre des mod\u00e8les de dialogues, \u00e0 partir d\u2019exemples de dialogues. Les caract\u00e9ristiques principales de Rasa incluent :<\/p>\n<ul>\n<li><span>Plateforme ouverte pouvant compter sur une communaut\u00e9 de d\u00e9veloppeurs dynamique et qui cro\u00eet rapidement (plus de 3M de t\u00e9l\u00e9chargements)<\/span><\/li>\n<li>Possibilit\u00e9 de d\u00e9ploiements sur site ou infonuagiques.<\/li>\n<li>L\u2019une des seules plateformes conversationnelles qui peut utiliser l\u2019apprentissage machine pour entra\u00eener les dialogues.<\/li>\n<li>Architecture pipeline de compr\u00e9hension du langage naturel enti\u00e8rement ouverte et personnalisable, contrairement aux moteurs de compr\u00e9hension du langage naturel opaques des plateformes conversationnelles de type SaaS.<\/li>\n<\/ul>\n<p>[\/et_pb_text][\/et_pb_column][\/et_pb_row][et_pb_row _builder_version=\u00a0\u00bb4.10.5&Prime; custom_padding=\u00a0\u00bb||||false|false\u00a0\u00bb global_colors_info=\u00a0\u00bb{}\u00a0\u00bb][et_pb_column type=\u00a0\u00bb4_4&Prime; _builder_version=\u00a0\u00bb3.25&Prime; custom_padding=\u00a0\u00bb|||\u00a0\u00bb global_colors_info=\u00a0\u00bb{}\u00a0\u00bb custom_padding__hover=\u00a0\u00bb|||\u00a0\u00bb][et_pb_text admin_label=\u00a0\u00bbTitre &#8211; Pourquoi Rasa?\u00a0\u00bb _builder_version=\u00a0\u00bb4.10.5&Prime; text_font_size=\u00a0\u00bb20px\u00a0\u00bb global_colors_info=\u00a0\u00bb{}\u00a0\u00bb]<\/p>\n<h3>Pourquoi faire appel \u00e0 Nu Echo pour votre projet Rasa<\/h3>\n<p>[\/et_pb_text][\/et_pb_column][\/et_pb_row][et_pb_row column_structure=\u00a0\u00bb1_2,1_2&Prime; _builder_version=\u00a0\u00bb4.10.5&Prime; custom_margin=\u00a0\u00bb|||auto|false|false\u00a0\u00bb custom_padding=\u00a0\u00bb||||false|false\u00a0\u00bb global_colors_info=\u00a0\u00bb{}\u00a0\u00bb][et_pb_column type=\u00a0\u00bb1_2&Prime; _builder_version=\u00a0\u00bb3.25&Prime; custom_padding=\u00a0\u00bb|||\u00a0\u00bb global_colors_info=\u00a0\u00bb{}\u00a0\u00bb custom_padding__hover=\u00a0\u00bb|||\u00a0\u00bb][et_pb_text admin_label=\u00a0\u00bbText &#8211; 18 ans d\u2019expertise \u00a0\u00bb _builder_version=\u00a0\u00bb4.10.5&Prime; text_line_height=\u00a0\u00bb1.71em\u00a0\u00bb hover_enabled=\u00a0\u00bb0&Prime; global_colors_info=\u00a0\u00bb{}\u00a0\u00bb sticky_enabled=\u00a0\u00bb0&Prime;]<\/p>\n<h4>18 ans d\u2019expertise conversationnelle<\/h4>\n<p>La conception d\u2019exp\u00e9rience utilisateur conversationnelle implique une panoplie de d\u00e9tails importants : comment poser une question de fa\u00e7on \u00e0 obtenir des r\u00e9ponses pr\u00e9visibles; comment g\u00e9rer les digressions des utilisateurs, les corrections et les changements d\u2019avis; comment optimiser l\u2019utilisation des scores de confiance des r\u00e9sultats de l\u2019engin NLU; comment r\u00e9cup\u00e9rer suite \u00e0 un \u00e9chec de la de la reconnaissance vocale ou du traitement de la langue naturelle; comment diriger un dialogue tout en donnant un sentiment de contr\u00f4le aux utilisateurs. C\u2019est \u00e0 la fois une science et un art. Et ce n\u2019est assur\u00e9ment pas une expertise qui s\u2019improvise. Elle se fonde sur des ann\u00e9es d\u2019exp\u00e9rience dans la mise au point de meilleures pratiques et sur l\u2019observation de ce qui fonctionne ou non.<\/p>\n<p>Nous \u00e9tions des pionniers de la conception d\u2019exp\u00e9rience utilisateur conversationnelle bien avant que la majorit\u00e9 des gens sachent que \u00e7a existe. Nous avons b\u00e2ti notre pratique conversationnelle au cours des 17 derni\u00e8res ann\u00e9es, de mani\u00e8re \u00e0 ce que vous n\u2019ayez pas \u00e0 faire les m\u00eames erreurs que les autres.<\/p>\n<p>[\/et_pb_text][et_pb_text admin_label=\u00a0\u00bbText &#8211; Pratiques d\u2019ing\u00e9nierie \u00e9prouv\u00e9es\u00a0\u00bb _builder_version=\u00a0\u00bb4.10.5&Prime; text_line_height=\u00a0\u00bb1.71em\u00a0\u00bb hover_enabled=\u00a0\u00bb0&Prime; global_colors_info=\u00a0\u00bb{}\u00a0\u00bb sticky_enabled=\u00a0\u00bb0&Prime;]<\/p>\n<h4>Pratiques d\u2019ing\u00e9nierie \u00e9prouv\u00e9es<\/h4>\n<p>Peu importe les outils de d\u00e9veloppement que vous utilisez, un agent virtuel intelligent est une application complexe qui doit \u00eatre d\u00e9velopp\u00e9e \u00e0 l\u2019aide de m\u00e9thodes d\u2019ing\u00e9nierie \u00e9prouv\u00e9es permettant d\u2019effectuer des mises \u00e0 jour fr\u00e9quentes et de profiter d\u2019une plateforme qui est toujours exempte de bogues et qui fonctionne sans faille.<\/p>\n<p>[\/et_pb_text][et_pb_text admin_label=\u00a0\u00bbText &#8211; Outillage Rasa\u00a0\u00bb _builder_version=\u00a0\u00bb4.10.5&Prime; text_line_height=\u00a0\u00bb1.71em\u00a0\u00bb hover_enabled=\u00a0\u00bb0&Prime; global_colors_info=\u00a0\u00bb{}\u00a0\u00bb sticky_enabled=\u00a0\u00bb0&Prime;]<\/p>\n<h4>Outillage Rasa<\/h4>\n<p>Notre vaste outillage Rasa facilite l\u2019implantation de solutions d\u2019IA conversationnelles et s\u2019assure qu\u2019elles ont le comportement attendu.<\/p>\n<p>[\/et_pb_text][\/et_pb_column][et_pb_column type=\u00a0\u00bb1_2&Prime; _builder_version=\u00a0\u00bb3.29.3&Prime; global_colors_info=\u00a0\u00bb{}\u00a0\u00bb][et_pb_text admin_label=\u00a0\u00bbText &#8211; Support RVI VoiceXML\u00a0\u00bb _builder_version=\u00a0\u00bb4.10.5&Prime; text_line_height=\u00a0\u00bb1.71em\u00a0\u00bb custom_padding=\u00a0\u00bb||||false|false\u00a0\u00bb hover_enabled=\u00a0\u00bb0&Prime; global_colors_info=\u00a0\u00bb{}\u00a0\u00bb sticky_enabled=\u00a0\u00bb0&Prime; custom_css_main_element=\u00a0\u00bbul{||  padding-bottom:0;||}\u00a0\u00bb]<\/p>\n<h4>Support RVI VoiceXML<\/h4>\n<p>Nous avons s\u00e9lectionn\u00e9 Rasa comme plateforme conversationnelle pour les RVI en VoiceXML. Pour ce faire, nous avons d\u00e9velopp\u00e9 deux extensions principales pour Rasa :<\/p>\n<p><strong>Un connecteur VoiceXML<\/strong> personnalis\u00e9 qui rend l\u2019application Rasa compatible avec toutes les plateformes de RVI VoiceXML.<\/p>\n<p><strong>Un serveur NLG VoiceXML<\/strong> qui s\u2019occupe de g\u00e9rer toutes les grammaires de reconnaissance de la parole et les fichiers audio. Ce serveur NLG offre plusieurs \u00e9l\u00e9ments importants, y compris :<\/p>\n<ul>\n<li>Un soutien multilingue<\/li>\n<li>Des fichiers de d\u00e9finition des messages structur\u00e9s (YAML)<\/li>\n<li>Le support des fichiers audio et mod\u00e8les de concat\u00e9nation<\/li>\n<li>Des variantes s\u00e9quentielles et al\u00e9atoires des messages<\/li>\n<li>Un rapport d\u2019int\u00e9grit\u00e9 des ressources<\/li>\n<\/ul>\n<p>[\/et_pb_text][et_pb_text _builder_version=\u00a0\u00bb4.10.5&Prime; _module_preset=\u00a0\u00bbdefault\u00a0\u00bb admin_label=\u00a0\u00bbText &#8211; Expertise reconnue\u00a0\u00bb hover_enabled=\u00a0\u00bb0&Prime; sticky_enabled=\u00a0\u00bb0&Prime;]<\/p>\n<h4>Expertise reconnue en reconnaissance vocale et NLU : Parce que \u00e7a fait toute la diff\u00e9rence<\/h4>\n<p>Peu importe la qualit\u00e9 de la conception conversationnelle, si la reconnaissance vocale et la compr\u00e9hension du langage naturel ne sont pas \u00e0 la hauteur, c&rsquo;est l&rsquo;\u00e9chec assur\u00e9. Nous raffinons nos m\u00e9thodologies et nos outils d\u2019optimisation depuis plus de 18 ans afin de garantir les meilleurs taux de succ\u00e8s et la meilleure exp\u00e9rience utilisateur possible. Nous \u00e9valuons constamment les engins NLU et de reconnaissance vocale afin de les comparer et de comprendre comment en obtenir la meilleure pr\u00e9cision possible.<\/p>\n<p>[\/et_pb_text][\/et_pb_column][\/et_pb_row][\/et_pb_section][et_pb_section fb_built=\u00a0\u00bb1&Prime; disabled_on=\u00a0\u00bbon|on|on\u00a0\u00bb module_id=\u00a0\u00bbContact\u00a0\u00bb _builder_version=\u00a0\u00bb3.22.3&Prime; background_color=\u00a0\u00bb#fb7c3e\u00a0\u00bb custom_padding=\u00a0\u00bb70px|0px|70px|0px|true|false\u00a0\u00bb disabled=\u00a0\u00bbon\u00a0\u00bb global_colors_info=\u00a0\u00bb{}\u00a0\u00bb][et_pb_row _builder_version=\u00a0\u00bb3.25&Prime; custom_padding=\u00a0\u00bb30px|0px|30px|0px|true|false\u00a0\u00bb global_colors_info=\u00a0\u00bb{}\u00a0\u00bb][et_pb_column type=\u00a0\u00bb4_4&Prime; _builder_version=\u00a0\u00bb3.25&Prime; custom_padding=\u00a0\u00bb|||\u00a0\u00bb global_colors_info=\u00a0\u00bb{}\u00a0\u00bb custom_padding__hover=\u00a0\u00bb|||\u00a0\u00bb][et_pb_text _builder_version=\u00a0\u00bb3.27.4&Prime; text_font=\u00a0\u00bb|300|||||||\u00a0\u00bb text_text_color=\u00a0\u00bb#ffffff\u00a0\u00bb text_font_size=\u00a0\u00bb24px\u00a0\u00bb header_font=\u00a0\u00bb||||||||\u00a0\u00bb header_2_font=\u00a0\u00bb||||||||\u00a0\u00bb header_2_text_color=\u00a0\u00bb#ffffff\u00a0\u00bb header_2_font_size=\u00a0\u00bb32px\u00a0\u00bb text_orientation=\u00a0\u00bbcenter\u00a0\u00bb global_colors_info=\u00a0\u00bb{}\u00a0\u00bb]<\/p>\n<h2>Communiquez avec nous<\/h2>\n<p>[\/et_pb_text][et_pb_text admin_label=\u00a0\u00bbGravity Form &#8211; EN\u00a0\u00bb _builder_version=\u00a0\u00bb3.27.4&Prime; global_colors_info=\u00a0\u00bb{}\u00a0\u00bb][gravityform id=\u00a0\u00bb1&Prime; title=\u00a0\u00bbfalse\u00a0\u00bb description=\u00a0\u00bbfalse\u00a0\u00bb][\/et_pb_text][\/et_pb_column][\/et_pb_row][\/et_pb_section]<\/p>\n","protected":false},"excerpt":{"rendered":"<p>RasaRasa offre une plateforme d\u2019IA conversationnelle en code source libre qui est unique par son aptitude \u00e0 utiliser l\u2019apprentissage machine pour apprendre des mod\u00e8les de dialogues, \u00e0 partir d\u2019exemples de dialogues. Les caract\u00e9ristiques principales de Rasa incluent : Plateforme ouverte pouvant compter sur une communaut\u00e9 de d\u00e9veloppeurs dynamique et qui cro\u00eet rapidement (plus de 3M [&hellip;]<\/p>\n","protected":false},"author":10,"featured_media":0,"parent":2719,"menu_order":0,"comment_status":"closed","ping_status":"closed","template":"","meta":{"_et_pb_use_builder":"on","_et_pb_old_content":"","_et_gb_content_width":"","om_disable_all_campaigns":false,"_monsterinsights_skip_tracking":false,"_monsterinsights_sitenote_active":false,"_monsterinsights_sitenote_note":"","_monsterinsights_sitenote_category":0,"footnotes":""},"class_list":["post-5047","page","type-page","status-publish","hentry"],"aioseo_notices":[],"yoast_head":"<!-- This site is optimized with the Yoast SEO plugin v26.9 - https:\/\/yoast.com\/product\/yoast-seo-wordpress\/ -->\n<title>Plateforme opensource de Rasa pour des solutions voicebot et chatbot<\/title>\n<meta name=\"description\" content=\"Voicebot rentable bas\u00e9 sur de l&#039;IA et en langage naturel qui apprend des mod\u00e8les de dialogues et devient ainsi un des employ\u00e9s les plus performants\" \/>\n<meta name=\"robots\" content=\"index, follow, max-snippet:-1, max-image-preview:large, max-video-preview:-1\" \/>\n<link rel=\"canonical\" href=\"https:\/\/www.nuecho.com\/fr\/plateformes-et-technologies\/rasa\/\" \/>\n<meta property=\"og:locale\" content=\"fr_FR\" \/>\n<meta property=\"og:type\" content=\"article\" \/>\n<meta property=\"og:title\" content=\"Plateforme opensource de Rasa pour des solutions voicebot et chatbot\" \/>\n<meta property=\"og:description\" content=\"Voicebot rentable bas\u00e9 sur de l&#039;IA et en langage naturel qui apprend des mod\u00e8les de dialogues et devient ainsi un des employ\u00e9s les plus performants\" \/>\n<meta property=\"og:url\" content=\"https:\/\/www.nuecho.com\/fr\/plateformes-et-technologies\/rasa\/\" \/>\n<meta property=\"og:site_name\" content=\"AI Virtual Voice Experts with Google Dialogflow CX - CCAI - Nu Echo\" \/>\n<meta property=\"article:publisher\" content=\"https:\/\/www.facebook.com\/nuechoinc\/\" \/>\n<meta property=\"article:modified_time\" content=\"2021-09-03T18:05:56+00:00\" \/>\n<meta property=\"og:image\" content=\"https:\/\/www.nuecho.com\/wp-content\/uploads\/2019\/11\/Speech-Analytics.png\" \/>\n\t<meta property=\"og:image:width\" content=\"1500\" \/>\n\t<meta property=\"og:image:height\" content=\"1500\" \/>\n\t<meta property=\"og:image:type\" content=\"image\/png\" \/>\n<meta name=\"twitter:card\" content=\"summary_large_image\" \/>\n<meta name=\"twitter:site\" content=\"@nuecho\" \/>\n<meta name=\"twitter:label1\" content=\"Dur\u00e9e de lecture estim\u00e9e\" \/>\n\t<meta name=\"twitter:data1\" content=\"7 minutes\" \/>\n<script type=\"application\/ld+json\" class=\"yoast-schema-graph\">{\"@context\":\"https:\/\/schema.org\",\"@graph\":[{\"@type\":\"WebPage\",\"@id\":\"https:\/\/www.nuecho.com\/fr\/plateformes-et-technologies\/rasa\/\",\"url\":\"https:\/\/www.nuecho.com\/fr\/plateformes-et-technologies\/rasa\/\",\"name\":\"Plateforme opensource de Rasa pour des solutions voicebot et chatbot\",\"isPartOf\":{\"@id\":\"https:\/\/www.nuecho.com\/fr\/#website\"},\"datePublished\":\"2019-11-01T20:00:30+00:00\",\"dateModified\":\"2021-09-03T18:05:56+00:00\",\"description\":\"Voicebot rentable bas\u00e9 sur de l'IA et en langage naturel qui apprend des mod\u00e8les de dialogues et devient ainsi un des employ\u00e9s les plus performants\",\"breadcrumb\":{\"@id\":\"https:\/\/www.nuecho.com\/fr\/plateformes-et-technologies\/rasa\/#breadcrumb\"},\"inLanguage\":\"fr-FR\",\"potentialAction\":[{\"@type\":\"ReadAction\",\"target\":[\"https:\/\/www.nuecho.com\/fr\/plateformes-et-technologies\/rasa\/\"]}]},{\"@type\":\"BreadcrumbList\",\"@id\":\"https:\/\/www.nuecho.com\/fr\/plateformes-et-technologies\/rasa\/#breadcrumb\",\"itemListElement\":[{\"@type\":\"ListItem\",\"position\":1,\"name\":\"Home\",\"item\":\"https:\/\/www.nuecho.com\/fr\/\"},{\"@type\":\"ListItem\",\"position\":2,\"name\":\"Plateformes et technologies\",\"item\":\"https:\/\/www.nuecho.com\/fr\/?page_id=2719\"},{\"@type\":\"ListItem\",\"position\":3,\"name\":\"Rasa\"}]},{\"@type\":\"WebSite\",\"@id\":\"https:\/\/www.nuecho.com\/fr\/#website\",\"url\":\"https:\/\/www.nuecho.com\/fr\/\",\"name\":\"AI Virtual Voice Experts with Google Dialogflow CX - CCAI - Nu Echo\",\"description\":\"Nu Echo\",\"publisher\":{\"@id\":\"https:\/\/www.nuecho.com\/fr\/#organization\"},\"potentialAction\":[{\"@type\":\"SearchAction\",\"target\":{\"@type\":\"EntryPoint\",\"urlTemplate\":\"https:\/\/www.nuecho.com\/fr\/?s={search_term_string}\"},\"query-input\":{\"@type\":\"PropertyValueSpecification\",\"valueRequired\":true,\"valueName\":\"search_term_string\"}}],\"inLanguage\":\"fr-FR\"},{\"@type\":\"Organization\",\"@id\":\"https:\/\/www.nuecho.com\/fr\/#organization\",\"name\":\"Nu Echo - Conversation AI | IA Conversationnelle\",\"url\":\"https:\/\/www.nuecho.com\/fr\/\",\"logo\":{\"@type\":\"ImageObject\",\"inLanguage\":\"fr-FR\",\"@id\":\"https:\/\/www.nuecho.com\/fr\/#\/schema\/logo\/image\/\",\"url\":\"https:\/\/www.nuecho.com\/wp-content\/uploads\/2019\/03\/bottom-logo.png\",\"contentUrl\":\"https:\/\/www.nuecho.com\/wp-content\/uploads\/2019\/03\/bottom-logo.png\",\"width\":138,\"height\":27,\"caption\":\"Nu Echo - Conversation AI | IA Conversationnelle\"},\"image\":{\"@id\":\"https:\/\/www.nuecho.com\/fr\/#\/schema\/logo\/image\/\"},\"sameAs\":[\"https:\/\/www.facebook.com\/nuechoinc\/\",\"https:\/\/x.com\/nuecho\",\"https:\/\/ca.linkedin.com\/company\/nu-echo\"]}]}<\/script>\n<!-- \/ Yoast SEO plugin. -->","yoast_head_json":{"title":"Plateforme opensource de Rasa pour des solutions voicebot et chatbot","description":"Voicebot rentable bas\u00e9 sur de l'IA et en langage naturel qui apprend des mod\u00e8les de dialogues et devient ainsi un des employ\u00e9s les plus performants","robots":{"index":"index","follow":"follow","max-snippet":"max-snippet:-1","max-image-preview":"max-image-preview:large","max-video-preview":"max-video-preview:-1"},"canonical":"https:\/\/www.nuecho.com\/fr\/plateformes-et-technologies\/rasa\/","og_locale":"fr_FR","og_type":"article","og_title":"Plateforme opensource de Rasa pour des solutions voicebot et chatbot","og_description":"Voicebot rentable bas\u00e9 sur de l'IA et en langage naturel qui apprend des mod\u00e8les de dialogues et devient ainsi un des employ\u00e9s les plus performants","og_url":"https:\/\/www.nuecho.com\/fr\/plateformes-et-technologies\/rasa\/","og_site_name":"AI Virtual Voice Experts with Google Dialogflow CX - CCAI - Nu Echo","article_publisher":"https:\/\/www.facebook.com\/nuechoinc\/","article_modified_time":"2021-09-03T18:05:56+00:00","og_image":[{"width":1500,"height":1500,"url":"https:\/\/www.nuecho.com\/wp-content\/uploads\/2019\/11\/Speech-Analytics.png","type":"image\/png"}],"twitter_card":"summary_large_image","twitter_site":"@nuecho","twitter_misc":{"Dur\u00e9e de lecture estim\u00e9e":"7 minutes"},"schema":{"@context":"https:\/\/schema.org","@graph":[{"@type":"WebPage","@id":"https:\/\/www.nuecho.com\/fr\/plateformes-et-technologies\/rasa\/","url":"https:\/\/www.nuecho.com\/fr\/plateformes-et-technologies\/rasa\/","name":"Plateforme opensource de Rasa pour des solutions voicebot et chatbot","isPartOf":{"@id":"https:\/\/www.nuecho.com\/fr\/#website"},"datePublished":"2019-11-01T20:00:30+00:00","dateModified":"2021-09-03T18:05:56+00:00","description":"Voicebot rentable bas\u00e9 sur de l'IA et en langage naturel qui apprend des mod\u00e8les de dialogues et devient ainsi un des employ\u00e9s les plus performants","breadcrumb":{"@id":"https:\/\/www.nuecho.com\/fr\/plateformes-et-technologies\/rasa\/#breadcrumb"},"inLanguage":"fr-FR","potentialAction":[{"@type":"ReadAction","target":["https:\/\/www.nuecho.com\/fr\/plateformes-et-technologies\/rasa\/"]}]},{"@type":"BreadcrumbList","@id":"https:\/\/www.nuecho.com\/fr\/plateformes-et-technologies\/rasa\/#breadcrumb","itemListElement":[{"@type":"ListItem","position":1,"name":"Home","item":"https:\/\/www.nuecho.com\/fr\/"},{"@type":"ListItem","position":2,"name":"Plateformes et technologies","item":"https:\/\/www.nuecho.com\/fr\/?page_id=2719"},{"@type":"ListItem","position":3,"name":"Rasa"}]},{"@type":"WebSite","@id":"https:\/\/www.nuecho.com\/fr\/#website","url":"https:\/\/www.nuecho.com\/fr\/","name":"AI Virtual Voice Experts with Google Dialogflow CX - CCAI - Nu Echo","description":"Nu Echo","publisher":{"@id":"https:\/\/www.nuecho.com\/fr\/#organization"},"potentialAction":[{"@type":"SearchAction","target":{"@type":"EntryPoint","urlTemplate":"https:\/\/www.nuecho.com\/fr\/?s={search_term_string}"},"query-input":{"@type":"PropertyValueSpecification","valueRequired":true,"valueName":"search_term_string"}}],"inLanguage":"fr-FR"},{"@type":"Organization","@id":"https:\/\/www.nuecho.com\/fr\/#organization","name":"Nu Echo - Conversation AI | IA Conversationnelle","url":"https:\/\/www.nuecho.com\/fr\/","logo":{"@type":"ImageObject","inLanguage":"fr-FR","@id":"https:\/\/www.nuecho.com\/fr\/#\/schema\/logo\/image\/","url":"https:\/\/www.nuecho.com\/wp-content\/uploads\/2019\/03\/bottom-logo.png","contentUrl":"https:\/\/www.nuecho.com\/wp-content\/uploads\/2019\/03\/bottom-logo.png","width":138,"height":27,"caption":"Nu Echo - Conversation AI | IA Conversationnelle"},"image":{"@id":"https:\/\/www.nuecho.com\/fr\/#\/schema\/logo\/image\/"},"sameAs":["https:\/\/www.facebook.com\/nuechoinc\/","https:\/\/x.com\/nuecho","https:\/\/ca.linkedin.com\/company\/nu-echo"]}]}},"_links":{"self":[{"href":"https:\/\/www.nuecho.com\/fr\/wp-json\/wp\/v2\/pages\/5047","targetHints":{"allow":["GET"]}}],"collection":[{"href":"https:\/\/www.nuecho.com\/fr\/wp-json\/wp\/v2\/pages"}],"about":[{"href":"https:\/\/www.nuecho.com\/fr\/wp-json\/wp\/v2\/types\/page"}],"author":[{"embeddable":true,"href":"https:\/\/www.nuecho.com\/fr\/wp-json\/wp\/v2\/users\/10"}],"replies":[{"embeddable":true,"href":"https:\/\/www.nuecho.com\/fr\/wp-json\/wp\/v2\/comments?post=5047"}],"version-history":[{"count":25,"href":"https:\/\/www.nuecho.com\/fr\/wp-json\/wp\/v2\/pages\/5047\/revisions"}],"predecessor-version":[{"id":8733,"href":"https:\/\/www.nuecho.com\/fr\/wp-json\/wp\/v2\/pages\/5047\/revisions\/8733"}],"up":[{"embeddable":true,"href":"https:\/\/www.nuecho.com\/fr\/wp-json\/wp\/v2\/pages\/2719"}],"wp:attachment":[{"href":"https:\/\/www.nuecho.com\/fr\/wp-json\/wp\/v2\/media?parent=5047"}],"curies":[{"name":"wp","href":"https:\/\/api.w.org\/{rel}","templated":true}]}}