{"id":5068,"date":"2019-11-01T16:52:50","date_gmt":"2019-11-01T20:52:50","guid":{"rendered":"https:\/\/zux.zsm.mybluehost.me\/majoctobre2019\/pourquoi-choisir-nu-echo\/"},"modified":"2021-09-15T12:54:54","modified_gmt":"2021-09-15T16:54:54","slug":"pourquoi-choisir-nu-echo","status":"publish","type":"page","link":"https:\/\/www.nuecho.com\/fr\/pourquoi-choisir-nu-echo\/","title":{"rendered":"Pourquoi choisir Nu Echo?"},"content":{"rendered":"<p>[et_pb_section fb_built=\u00a0\u00bb1&Prime; admin_label=\u00a0\u00bbSection %22Careers%22 header Cyan Background\u00a0\u00bb _builder_version=\u00a0\u00bb4.0.6&Prime; background_color=\u00a0\u00bbrgba(0,0,0,0)\u00a0\u00bb background_image=\u00a0\u00bbhttps:\/\/www.nuecho.com\/wp-content\/uploads\/2019\/03\/header-careers.jpg\u00a0\u00bb background_size=\u00a0\u00bbcontain\u00a0\u00bb background_position=\u00a0\u00bbcenter_right\u00a0\u00bb custom_margin=\u00a0\u00bb89px|0px||0px|false|false\u00a0\u00bb custom_margin_tablet=\u00a0\u00bb|-44px||4px|false|false\u00a0\u00bb custom_margin_phone=\u00a0\u00bb89px|-61px|-44px|0px|false|false\u00a0\u00bb custom_margin_last_edited=\u00a0\u00bbon|tablet\u00a0\u00bb custom_padding=\u00a0\u00bb||||true|false\u00a0\u00bb global_colors_info=\u00a0\u00bb{}\u00a0\u00bb][et_pb_row column_structure=\u00a0\u00bb1_2,1_2&Prime; _builder_version=\u00a0\u00bb3.25&Prime; custom_margin_tablet=\u00a0\u00bb\u00a0\u00bb custom_margin_phone=\u00a0\u00bb-70px||11px\u00a0\u00bb custom_margin_last_edited=\u00a0\u00bbon|phone\u00a0\u00bb animation_style=\u00a0\u00bbslide\u00a0\u00bb animation_direction=\u00a0\u00bbbottom\u00a0\u00bb animation_duration=\u00a0\u00bb700ms\u00a0\u00bb global_colors_info=\u00a0\u00bb{}\u00a0\u00bb][et_pb_column type=\u00a0\u00bb1_2&Prime; _builder_version=\u00a0\u00bb3.25&Prime; custom_padding=\u00a0\u00bb|||\u00a0\u00bb global_colors_info=\u00a0\u00bb{}\u00a0\u00bb custom_padding__hover=\u00a0\u00bb|||\u00a0\u00bb][et_pb_text admin_label=\u00a0\u00bbText &#8211; Words that describe our team %91&#8230;%93&Prime; _builder_version=\u00a0\u00bb4.0.6&Prime; text_font=\u00a0\u00bb||||||||\u00a0\u00bb text_line_height=\u00a0\u00bb1.4em\u00a0\u00bb background_color=\u00a0\u00bbrgba(98,185,237,0.5)\u00a0\u00bb background_layout=\u00a0\u00bbdark\u00a0\u00bb text_font_size_tablet=\u00a0\u00bb\u00a0\u00bb text_font_size_phone=\u00a0\u00bb20px\u00a0\u00bb text_font_size_last_edited=\u00a0\u00bbon|phone\u00a0\u00bb custom_css_main_element=\u00a0\u00bbfont-weight: 400 !important;||border-radius: 10px;\u00a0\u00bb global_colors_info=\u00a0\u00bb{}\u00a0\u00bb]<\/p>\n<h1>Pourquoi choisir Nu&nbsp;Echo?<\/h1>\n<p>[\/et_pb_text][\/et_pb_column][et_pb_column type=\u00a0\u00bb1_2&Prime; _builder_version=\u00a0\u00bb3.25&Prime; custom_padding=\u00a0\u00bb|||\u00a0\u00bb global_colors_info=\u00a0\u00bb{}\u00a0\u00bb custom_padding__hover=\u00a0\u00bb|||\u00a0\u00bb][\/et_pb_column][\/et_pb_row][\/et_pb_section][et_pb_section fb_built=\u00a0\u00bb1&Prime; custom_padding_last_edited=\u00a0\u00bboff|desktop\u00a0\u00bb admin_label=\u00a0\u00bbSection %22Working at Nu Echo%22 \/ %22Benefits%22 &#8211; Light Gray background\u00a0\u00bb _builder_version=\u00a0\u00bb4.10.7&Prime; background_color=\u00a0\u00bb#f0f0f0&Prime; custom_margin=\u00a0\u00bb||\u00a0\u00bb custom_padding_tablet=\u00a0\u00bb||8rem\u00a0\u00bb global_colors_info=\u00a0\u00bb{}\u00a0\u00bb][et_pb_row column_structure=\u00a0\u00bb1_2,1_2&Prime; _builder_version=\u00a0\u00bb4.10.7&Prime; global_colors_info=\u00a0\u00bb{}\u00a0\u00bb][et_pb_column type=\u00a0\u00bb1_2&Prime; _builder_version=\u00a0\u00bb4.10.7&Prime; custom_padding=\u00a0\u00bb|||\u00a0\u00bb global_colors_info=\u00a0\u00bb{}\u00a0\u00bb custom_padding__hover=\u00a0\u00bb|||\u00a0\u00bb][et_pb_text admin_label=\u00a0\u00bbText &#8211; Nu Echo offers a progressive work environment %91&#8230;%93&Prime; _builder_version=\u00a0\u00bb4.10.7&Prime; text_font=\u00a0\u00bb||||||||\u00a0\u00bb text_line_height=\u00a0\u00bb1.71em\u00a0\u00bb text_font_size_tablet=\u00a0\u00bb\u00a0\u00bb text_font_size_phone=\u00a0\u00bb20px\u00a0\u00bb text_font_size_last_edited=\u00a0\u00bbon|phone\u00a0\u00bb custom_css_main_element=\u00a0\u00bbfont-weight: 400;\u00a0\u00bb global_colors_info=\u00a0\u00bb{}\u00a0\u00bb]<\/p>\n<h4><span>Les experts en agents virtuels vocaux<\/span><\/h4>\n<p><span>Cr\u00e9er une exp\u00e9rience conversationnelle vocale demande une expertise unique. Nous nous sp\u00e9cialisons dans la conception de solutions conversationnelles vocales depuis pr\u00e8s de 20 ans. Notre \u00e9l\u00e9ment distinctif : le taux de succ\u00e8s exceptionnel de nos dialogues.<\/span> <\/p>\n<h4><span>Expertise multidisciplinaire<\/span><\/h4>\n<p><span>La cr\u00e9ation d&rsquo;exp\u00e9riences conversationnelles vocales convaincantes n\u00e9cessite une \u00e9quipe multidisciplinaire solide: analystes d&rsquo;affaires, concepteurs d&rsquo;exp\u00e9riences conversationnelles, experts en reconnaissance vocale et en traitement du langage naturel, architectes de syst\u00e8mes, d\u00e9veloppeurs de logiciels, experts en centres de contact.<\/span><\/p>\n<p>[\/et_pb_text][\/et_pb_column][et_pb_column type=\u00a0\u00bb1_2&Prime; _builder_version=\u00a0\u00bb3.29.3&Prime; global_colors_info=\u00a0\u00bb{}\u00a0\u00bb][et_pb_text _builder_version=\u00a0\u00bb4.0.6&Prime; text_line_height=\u00a0\u00bb1.71em\u00a0\u00bb global_colors_info=\u00a0\u00bb{}\u00a0\u00bb]<\/p>\n<h4><span>Un processus rigoureux de d\u00e9veloppement et d\u2019optimisation<\/span><\/h4>\n<p><span style=\"font-size: 18px;\">Entre un agent vocal \u201cjouet\u201d qu\u2019on peut cr\u00e9er en quelques heures et une solution solide et performante, il y a un tout un foss\u00e9. Un agent virtuel vocal qui peut r\u00e9ellement \u00eatre utilis\u00e9 avec succ\u00e8s par le grand public est une application complexe qui en plus se doit d\u2019\u00eatre \u00e9volutive afin de continuellement s\u2019am\u00e9liorer et de s\u2019adapter \u00e0 l\u2019\u00e9volution constante des besoins et des utilisateurs. Cela exige un processus rigoureux de d\u00e9veloppement, de test, et d\u2019optimisation en continu. Cr\u00e9er des exp\u00e9riences conversationnelles efficaces avec des technologies encore loin des capacit\u00e9s humaines \u2013 la gestion du dialogue, le traitement du langage naturel, la reconnaissance vocale n&rsquo;arrive pas par accident. C\u2019est ce que nous faisons depuis pr\u00e8s de 20 ans !<\/span><\/p>\n<p>[\/et_pb_text][\/et_pb_column][\/et_pb_row][\/et_pb_section]<\/p>\n","protected":false},"excerpt":{"rendered":"<p>Pourquoi choisir Nu&nbsp;Echo?Les experts en agents virtuels vocaux Cr\u00e9er une exp\u00e9rience conversationnelle vocale demande une expertise unique. Nous nous sp\u00e9cialisons dans la conception de solutions conversationnelles vocales depuis pr\u00e8s de 20 ans. Notre \u00e9l\u00e9ment distinctif : le taux de succ\u00e8s exceptionnel de nos dialogues. Expertise multidisciplinaire La cr\u00e9ation d&rsquo;exp\u00e9riences conversationnelles vocales convaincantes n\u00e9cessite une \u00e9quipe [&hellip;]<\/p>\n","protected":false},"author":10,"featured_media":0,"parent":0,"menu_order":0,"comment_status":"closed","ping_status":"closed","template":"","meta":{"_et_pb_use_builder":"on","_et_pb_old_content":"","_et_gb_content_width":"","om_disable_all_campaigns":false,"_monsterinsights_skip_tracking":false,"_monsterinsights_sitenote_active":false,"_monsterinsights_sitenote_note":"","_monsterinsights_sitenote_category":0,"footnotes":""},"class_list":["post-5068","page","type-page","status-publish","hentry"],"aioseo_notices":[],"yoast_head":"<!-- This site is optimized with the Yoast SEO plugin v26.9 - https:\/\/yoast.com\/product\/yoast-seo-wordpress\/ -->\n<title>Processus rigoureux de d\u00e9veloppement de voicebots haute-performance<\/title>\n<meta name=\"description\" content=\"Non seulement un groupe d&#039;experts voicebots mais aussi une profonde compr\u00e9hension des besoins d&#039;affaires et un guichet unique\" \/>\n<meta name=\"robots\" content=\"index, follow, max-snippet:-1, max-image-preview:large, max-video-preview:-1\" \/>\n<link rel=\"canonical\" href=\"https:\/\/www.nuecho.com\/fr\/pourquoi-choisir-nu-echo\/\" \/>\n<meta property=\"og:locale\" content=\"fr_FR\" \/>\n<meta property=\"og:type\" content=\"article\" \/>\n<meta property=\"og:title\" content=\"Processus rigoureux de d\u00e9veloppement de voicebots haute-performance\" \/>\n<meta property=\"og:description\" content=\"Non seulement un groupe d&#039;experts voicebots mais aussi une profonde compr\u00e9hension des besoins d&#039;affaires et un guichet unique\" \/>\n<meta property=\"og:url\" content=\"https:\/\/www.nuecho.com\/fr\/pourquoi-choisir-nu-echo\/\" \/>\n<meta property=\"og:site_name\" content=\"AI Virtual Voice Experts with Google Dialogflow CX - CCAI - Nu Echo\" \/>\n<meta property=\"article:publisher\" content=\"https:\/\/www.facebook.com\/nuechoinc\/\" \/>\n<meta property=\"article:modified_time\" content=\"2021-09-15T16:54:54+00:00\" \/>\n<meta property=\"og:image\" content=\"https:\/\/www.nuecho.com\/wp-content\/uploads\/2019\/11\/Speech-Analytics.png\" \/>\n\t<meta property=\"og:image:width\" content=\"1500\" \/>\n\t<meta property=\"og:image:height\" content=\"1500\" \/>\n\t<meta property=\"og:image:type\" content=\"image\/png\" \/>\n<meta name=\"twitter:card\" content=\"summary_large_image\" \/>\n<meta name=\"twitter:site\" content=\"@nuecho\" \/>\n<meta name=\"twitter:label1\" content=\"Dur\u00e9e de lecture estim\u00e9e\" \/>\n\t<meta name=\"twitter:data1\" content=\"3 minutes\" \/>\n<script type=\"application\/ld+json\" class=\"yoast-schema-graph\">{\"@context\":\"https:\/\/schema.org\",\"@graph\":[{\"@type\":\"WebPage\",\"@id\":\"https:\/\/www.nuecho.com\/fr\/pourquoi-choisir-nu-echo\/\",\"url\":\"https:\/\/www.nuecho.com\/fr\/pourquoi-choisir-nu-echo\/\",\"name\":\"Processus rigoureux de d\u00e9veloppement de voicebots haute-performance\",\"isPartOf\":{\"@id\":\"https:\/\/www.nuecho.com\/fr\/#website\"},\"datePublished\":\"2019-11-01T20:52:50+00:00\",\"dateModified\":\"2021-09-15T16:54:54+00:00\",\"description\":\"Non seulement un groupe d'experts voicebots mais aussi une profonde compr\u00e9hension des besoins d'affaires et un guichet unique\",\"breadcrumb\":{\"@id\":\"https:\/\/www.nuecho.com\/fr\/pourquoi-choisir-nu-echo\/#breadcrumb\"},\"inLanguage\":\"fr-FR\",\"potentialAction\":[{\"@type\":\"ReadAction\",\"target\":[\"https:\/\/www.nuecho.com\/fr\/pourquoi-choisir-nu-echo\/\"]}]},{\"@type\":\"BreadcrumbList\",\"@id\":\"https:\/\/www.nuecho.com\/fr\/pourquoi-choisir-nu-echo\/#breadcrumb\",\"itemListElement\":[{\"@type\":\"ListItem\",\"position\":1,\"name\":\"Home\",\"item\":\"https:\/\/www.nuecho.com\/fr\/\"},{\"@type\":\"ListItem\",\"position\":2,\"name\":\"Pourquoi choisir Nu Echo?\"}]},{\"@type\":\"WebSite\",\"@id\":\"https:\/\/www.nuecho.com\/fr\/#website\",\"url\":\"https:\/\/www.nuecho.com\/fr\/\",\"name\":\"AI Virtual Voice Experts with Google Dialogflow CX - CCAI - Nu Echo\",\"description\":\"Nu Echo\",\"publisher\":{\"@id\":\"https:\/\/www.nuecho.com\/fr\/#organization\"},\"potentialAction\":[{\"@type\":\"SearchAction\",\"target\":{\"@type\":\"EntryPoint\",\"urlTemplate\":\"https:\/\/www.nuecho.com\/fr\/?s={search_term_string}\"},\"query-input\":{\"@type\":\"PropertyValueSpecification\",\"valueRequired\":true,\"valueName\":\"search_term_string\"}}],\"inLanguage\":\"fr-FR\"},{\"@type\":\"Organization\",\"@id\":\"https:\/\/www.nuecho.com\/fr\/#organization\",\"name\":\"Nu Echo - Conversation AI | IA Conversationnelle\",\"url\":\"https:\/\/www.nuecho.com\/fr\/\",\"logo\":{\"@type\":\"ImageObject\",\"inLanguage\":\"fr-FR\",\"@id\":\"https:\/\/www.nuecho.com\/fr\/#\/schema\/logo\/image\/\",\"url\":\"https:\/\/www.nuecho.com\/wp-content\/uploads\/2019\/03\/bottom-logo.png\",\"contentUrl\":\"https:\/\/www.nuecho.com\/wp-content\/uploads\/2019\/03\/bottom-logo.png\",\"width\":138,\"height\":27,\"caption\":\"Nu Echo - Conversation AI | IA Conversationnelle\"},\"image\":{\"@id\":\"https:\/\/www.nuecho.com\/fr\/#\/schema\/logo\/image\/\"},\"sameAs\":[\"https:\/\/www.facebook.com\/nuechoinc\/\",\"https:\/\/x.com\/nuecho\",\"https:\/\/ca.linkedin.com\/company\/nu-echo\"]}]}<\/script>\n<!-- \/ Yoast SEO plugin. -->","yoast_head_json":{"title":"Processus rigoureux de d\u00e9veloppement de voicebots haute-performance","description":"Non seulement un groupe d'experts voicebots mais aussi une profonde compr\u00e9hension des besoins d'affaires et un guichet unique","robots":{"index":"index","follow":"follow","max-snippet":"max-snippet:-1","max-image-preview":"max-image-preview:large","max-video-preview":"max-video-preview:-1"},"canonical":"https:\/\/www.nuecho.com\/fr\/pourquoi-choisir-nu-echo\/","og_locale":"fr_FR","og_type":"article","og_title":"Processus rigoureux de d\u00e9veloppement de voicebots haute-performance","og_description":"Non seulement un groupe d'experts voicebots mais aussi une profonde compr\u00e9hension des besoins d'affaires et un guichet unique","og_url":"https:\/\/www.nuecho.com\/fr\/pourquoi-choisir-nu-echo\/","og_site_name":"AI Virtual Voice Experts with Google Dialogflow CX - CCAI - Nu Echo","article_publisher":"https:\/\/www.facebook.com\/nuechoinc\/","article_modified_time":"2021-09-15T16:54:54+00:00","og_image":[{"width":1500,"height":1500,"url":"https:\/\/www.nuecho.com\/wp-content\/uploads\/2019\/11\/Speech-Analytics.png","type":"image\/png"}],"twitter_card":"summary_large_image","twitter_site":"@nuecho","twitter_misc":{"Dur\u00e9e de lecture estim\u00e9e":"3 minutes"},"schema":{"@context":"https:\/\/schema.org","@graph":[{"@type":"WebPage","@id":"https:\/\/www.nuecho.com\/fr\/pourquoi-choisir-nu-echo\/","url":"https:\/\/www.nuecho.com\/fr\/pourquoi-choisir-nu-echo\/","name":"Processus rigoureux de d\u00e9veloppement de voicebots haute-performance","isPartOf":{"@id":"https:\/\/www.nuecho.com\/fr\/#website"},"datePublished":"2019-11-01T20:52:50+00:00","dateModified":"2021-09-15T16:54:54+00:00","description":"Non seulement un groupe d'experts voicebots mais aussi une profonde compr\u00e9hension des besoins d'affaires et un guichet unique","breadcrumb":{"@id":"https:\/\/www.nuecho.com\/fr\/pourquoi-choisir-nu-echo\/#breadcrumb"},"inLanguage":"fr-FR","potentialAction":[{"@type":"ReadAction","target":["https:\/\/www.nuecho.com\/fr\/pourquoi-choisir-nu-echo\/"]}]},{"@type":"BreadcrumbList","@id":"https:\/\/www.nuecho.com\/fr\/pourquoi-choisir-nu-echo\/#breadcrumb","itemListElement":[{"@type":"ListItem","position":1,"name":"Home","item":"https:\/\/www.nuecho.com\/fr\/"},{"@type":"ListItem","position":2,"name":"Pourquoi choisir Nu Echo?"}]},{"@type":"WebSite","@id":"https:\/\/www.nuecho.com\/fr\/#website","url":"https:\/\/www.nuecho.com\/fr\/","name":"AI Virtual Voice Experts with Google Dialogflow CX - CCAI - Nu Echo","description":"Nu Echo","publisher":{"@id":"https:\/\/www.nuecho.com\/fr\/#organization"},"potentialAction":[{"@type":"SearchAction","target":{"@type":"EntryPoint","urlTemplate":"https:\/\/www.nuecho.com\/fr\/?s={search_term_string}"},"query-input":{"@type":"PropertyValueSpecification","valueRequired":true,"valueName":"search_term_string"}}],"inLanguage":"fr-FR"},{"@type":"Organization","@id":"https:\/\/www.nuecho.com\/fr\/#organization","name":"Nu Echo - Conversation AI | IA Conversationnelle","url":"https:\/\/www.nuecho.com\/fr\/","logo":{"@type":"ImageObject","inLanguage":"fr-FR","@id":"https:\/\/www.nuecho.com\/fr\/#\/schema\/logo\/image\/","url":"https:\/\/www.nuecho.com\/wp-content\/uploads\/2019\/03\/bottom-logo.png","contentUrl":"https:\/\/www.nuecho.com\/wp-content\/uploads\/2019\/03\/bottom-logo.png","width":138,"height":27,"caption":"Nu Echo - Conversation AI | IA Conversationnelle"},"image":{"@id":"https:\/\/www.nuecho.com\/fr\/#\/schema\/logo\/image\/"},"sameAs":["https:\/\/www.facebook.com\/nuechoinc\/","https:\/\/x.com\/nuecho","https:\/\/ca.linkedin.com\/company\/nu-echo"]}]}},"_links":{"self":[{"href":"https:\/\/www.nuecho.com\/fr\/wp-json\/wp\/v2\/pages\/5068","targetHints":{"allow":["GET"]}}],"collection":[{"href":"https:\/\/www.nuecho.com\/fr\/wp-json\/wp\/v2\/pages"}],"about":[{"href":"https:\/\/www.nuecho.com\/fr\/wp-json\/wp\/v2\/types\/page"}],"author":[{"embeddable":true,"href":"https:\/\/www.nuecho.com\/fr\/wp-json\/wp\/v2\/users\/10"}],"replies":[{"embeddable":true,"href":"https:\/\/www.nuecho.com\/fr\/wp-json\/wp\/v2\/comments?post=5068"}],"version-history":[{"count":19,"href":"https:\/\/www.nuecho.com\/fr\/wp-json\/wp\/v2\/pages\/5068\/revisions"}],"predecessor-version":[{"id":9132,"href":"https:\/\/www.nuecho.com\/fr\/wp-json\/wp\/v2\/pages\/5068\/revisions\/9132"}],"wp:attachment":[{"href":"https:\/\/www.nuecho.com\/fr\/wp-json\/wp\/v2\/media?parent=5068"}],"curies":[{"name":"wp","href":"https:\/\/api.w.org\/{rel}","templated":true}]}}