{"id":853,"date":"2019-03-24T18:07:56","date_gmt":"2019-03-24T18:07:56","guid":{"rendered":"http:\/\/nuecho.demotriade.ca\/contact-us\/"},"modified":"2024-01-10T13:19:47","modified_gmt":"2024-01-10T17:19:47","slug":"contact","status":"publish","type":"page","link":"https:\/\/www.nuecho.com\/fr\/contact\/","title":{"rendered":"Contactez-nous"},"content":{"rendered":"<p>[et_pb_section fb_built=\u00a0\u00bb1&Prime; admin_label=\u00a0\u00bbSection %22Contact Us%22 header Cyan Background\u00a0\u00bb _builder_version=\u00a0\u00bb4.16&Prime; background_color=\u00a0\u00bb#62b9ed\u00a0\u00bb background_image=\u00a0\u00bbhttps:\/\/www.nuecho.com\/wp-content\/uploads\/2019\/03\/NO_Contact_header.png\u00a0\u00bb background_size=\u00a0\u00bbcontain\u00a0\u00bb background_position=\u00a0\u00bbbottom_right\u00a0\u00bb custom_margin=\u00a0\u00bb||\u00a0\u00bb custom_padding=\u00a0\u00bb9rem||191px||false|false\u00a0\u00bb global_colors_info=\u00a0\u00bb{}\u00a0\u00bb][et_pb_row column_structure=\u00a0\u00bb1_2,1_2&Prime; _builder_version=\u00a0\u00bb4.16&Prime; custom_margin_tablet=\u00a0\u00bb\u00a0\u00bb custom_margin_phone=\u00a0\u00bb-112px|||\u00a0\u00bb custom_margin_last_edited=\u00a0\u00bbon|phone\u00a0\u00bb animation_style=\u00a0\u00bbslide\u00a0\u00bb animation_direction=\u00a0\u00bbbottom\u00a0\u00bb animation_duration=\u00a0\u00bb700ms\u00a0\u00bb global_colors_info=\u00a0\u00bb{}\u00a0\u00bb][et_pb_column type=\u00a0\u00bb1_2&Prime; _builder_version=\u00a0\u00bb4.16&Prime; custom_padding=\u00a0\u00bb|||\u00a0\u00bb global_colors_info=\u00a0\u00bb{}\u00a0\u00bb custom_padding__hover=\u00a0\u00bb|||\u00a0\u00bb][et_pb_text admin_label=\u00a0\u00bbText &#8211; CX Solution Provider The Conversational Innovation Company\u00a0\u00bb _builder_version=\u00a0\u00bb4.16&Prime; text_font=\u00a0\u00bb||||||||\u00a0\u00bb text_font_size=\u00a0\u00bb25px\u00a0\u00bb text_line_height=\u00a0\u00bb1.4em\u00a0\u00bb background_color=\u00a0\u00bbrgba(98,185,237,0.5)\u00a0\u00bb background_layout=\u00a0\u00bbdark\u00a0\u00bb custom_margin=\u00a0\u00bb|-20px|||false|false\u00a0\u00bb custom_padding=\u00a0\u00bb15px|10px|15px||true|false\u00a0\u00bb text_font_size_tablet=\u00a0\u00bb\u00a0\u00bb text_font_size_phone=\u00a0\u00bb20px\u00a0\u00bb text_font_size_last_edited=\u00a0\u00bbon|phone\u00a0\u00bb custom_css_main_element=\u00a0\u00bbfont-weight: 400 !important;||border-radius: 10px;\u00a0\u00bb global_colors_info=\u00a0\u00bb{}\u00a0\u00bb]<\/p>\n<h1>Contactez-nous<\/h1>\n<p>Fournisseurs de solutions pour centres de contact clients<\/p>\n<p>Sortir des sentiers battus au quotidien[\/et_pb_text][\/et_pb_column][et_pb_column type=\u00a0\u00bb1_2&Prime; _builder_version=\u00a0\u00bb4.16&Prime; custom_padding=\u00a0\u00bb|||\u00a0\u00bb global_colors_info=\u00a0\u00bb{}\u00a0\u00bb custom_padding__hover=\u00a0\u00bb|||\u00a0\u00bb][\/et_pb_column][\/et_pb_row][\/et_pb_section][et_pb_section fb_built=\u00a0\u00bb1&Prime; admin_label=\u00a0\u00bbSection %22What We do%22 Light Grey Background\u00a0\u00bb _builder_version=\u00a0\u00bb4.16&Prime; background_color=\u00a0\u00bb#f0f0f0&Prime; custom_margin=\u00a0\u00bb||\u00a0\u00bb custom_padding=\u00a0\u00bb2px||21px||false|false\u00a0\u00bb global_colors_info=\u00a0\u00bb{}\u00a0\u00bb][et_pb_row column_structure=\u00a0\u00bb1_2,1_2&Prime; custom_padding_last_edited=\u00a0\u00bbon|phone\u00a0\u00bb padding_top_bottom_link_1=\u00a0\u00bbtrue\u00a0\u00bb padding_top_bottom_link_2=\u00a0\u00bbtrue\u00a0\u00bb padding_left_right_link_2=\u00a0\u00bbtrue\u00a0\u00bb disabled_on=\u00a0\u00bbon|on|on\u00a0\u00bb admin_label=\u00a0\u00bbOverhang Row &#8211; Contact Us\u00a0\u00bb _builder_version=\u00a0\u00bb4.16&Prime; background_image=\u00a0\u00bbhttps:\/\/www.nuecho.com\/wp-content\/uploads\/2019\/03\/homme.jpg\u00a0\u00bb background_position=\u00a0\u00bbcenter_left\u00a0\u00bb z_index=\u00a0\u00bb1&Prime; max_width=\u00a0\u00bb1600px\u00a0\u00bb custom_margin=\u00a0\u00bb-4rem||2rem|\u00a0\u00bb custom_padding=\u00a0\u00bb1rem|4rem|2rem|6rem|false|false\u00a0\u00bb custom_padding_tablet=\u00a0\u00bb0rem|0rem|0rem|0rem\u00a0\u00bb custom_padding_phone=\u00a0\u00bb0rem|0rem|0rem|0rem||true\u00a0\u00bb animation_style=\u00a0\u00bbslide\u00a0\u00bb animation_direction=\u00a0\u00bbbottom\u00a0\u00bb animation_duration=\u00a0\u00bb750ms\u00a0\u00bb custom_css_main_element=\u00a0\u00bbwidth: 90%;\u00a0\u00bb border_radii=\u00a0\u00bbon|10px|10px|10px|10px\u00a0\u00bb box_shadow_style=\u00a0\u00bbpreset2&Prime; box_shadow_color=\u00a0\u00bbrgba(0,0,0,0.5)\u00a0\u00bb use_custom_width=\u00a0\u00bbon\u00a0\u00bb custom_width_px=\u00a0\u00bb1600px\u00a0\u00bb disabled=\u00a0\u00bbon\u00a0\u00bb global_colors_info=\u00a0\u00bb{}\u00a0\u00bb][et_pb_column type=\u00a0\u00bb1_2&Prime; _builder_version=\u00a0\u00bb4.16&Prime; custom_padding=\u00a0\u00bb|||\u00a0\u00bb global_colors_info=\u00a0\u00bb{}\u00a0\u00bb custom_padding__hover=\u00a0\u00bb|||\u00a0\u00bb][\/et_pb_column][et_pb_column type=\u00a0\u00bb1_2&Prime; module_class=\u00a0\u00bbtransparent_background_large\u00a0\u00bb _builder_version=\u00a0\u00bb4.16&Prime; background_color=\u00a0\u00bbrgba(59,71,85,0.5)\u00a0\u00bb custom_padding=\u00a0\u00bb24px|25px|24px|25px\u00a0\u00bb global_colors_info=\u00a0\u00bb{}\u00a0\u00bb custom_padding__hover=\u00a0\u00bb|||\u00a0\u00bb][et_pb_text admin_label=\u00a0\u00bbMini title &#8211; What We do\u00a0\u00bb _builder_version=\u00a0\u00bb4.16&Prime; text_font=\u00a0\u00bb|||on|||||\u00a0\u00bb text_text_color=\u00a0\u00bb#62b9ed\u00a0\u00bb text_font_size=\u00a0\u00bb16px\u00a0\u00bb text_line_height=\u00a0\u00bb1.3em\u00a0\u00bb custom_margin=\u00a0\u00bb||15px\u00a0\u00bb text_font_size_tablet=\u00a0\u00bb\u00a0\u00bb text_font_size_phone=\u00a0\u00bb16px\u00a0\u00bb text_font_size_last_edited=\u00a0\u00bbon|phone\u00a0\u00bb custom_css_main_element=\u00a0\u00bbfont-weight: 400;\u00a0\u00bb global_colors_info=\u00a0\u00bb{}\u00a0\u00bb][\/et_pb_text][et_pb_text admin_label=\u00a0\u00bbHeader &#8211; We can help you get\u00a0\u00bb _builder_version=\u00a0\u00bb4.16&Prime; header_font=\u00a0\u00bb||||||||\u00a0\u00bb header_text_color=\u00a0\u00bb#ffffff\u00a0\u00bb header_line_height=\u00a0\u00bb1.1em\u00a0\u00bb header_font_size_tablet=\u00a0\u00bb\u00a0\u00bb header_font_size_phone=\u00a0\u00bb28px\u00a0\u00bb header_font_size_last_edited=\u00a0\u00bbon|phone\u00a0\u00bb global_colors_info=\u00a0\u00bb{}\u00a0\u00bb]<\/p>\n<h1>Nous pouvons vous aider \u00e0 tirer le maximum de votre centre de contact clients.<\/h1>\n<p>[\/et_pb_text][et_pb_button button_url=\u00a0\u00bb#Contact\u00a0\u00bb button_text=\u00a0\u00bbContactez-nous\u00a0\u00bb _builder_version=\u00a0\u00bb4.16&Prime; global_colors_info=\u00a0\u00bb{}\u00a0\u00bb][\/et_pb_button][\/et_pb_column][\/et_pb_row][et_pb_row custom_padding_last_edited=\u00a0\u00bboff|desktop\u00a0\u00bb admin_label=\u00a0\u00bbSocial Media Bar\u00a0\u00bb _builder_version=\u00a0\u00bb4.16&Prime; global_colors_info=\u00a0\u00bb{}\u00a0\u00bb][et_pb_column type=\u00a0\u00bb4_4&Prime; _builder_version=\u00a0\u00bb4.16&Prime; custom_padding=\u00a0\u00bb|||\u00a0\u00bb global_colors_info=\u00a0\u00bb{}\u00a0\u00bb custom_padding__hover=\u00a0\u00bb|||\u00a0\u00bb][et_pb_social_media_follow _builder_version=\u00a0\u00bb4.16&Prime; global_colors_info=\u00a0\u00bb{}\u00a0\u00bb][et_pb_social_media_follow_network social_network=\u00a0\u00bbfacebook\u00a0\u00bb url=\u00a0\u00bbhttps:\/\/www.facebook.com\/nuechoinc\u00a0\u00bb _builder_version=\u00a0\u00bb4.16&Prime; background_color=\u00a0\u00bb#fb7c3e\u00a0\u00bb global_colors_info=\u00a0\u00bb{}\u00a0\u00bb follow_button=\u00a0\u00bboff\u00a0\u00bb url_new_window=\u00a0\u00bbon\u00a0\u00bb]facebook[\/et_pb_social_media_follow_network][et_pb_social_media_follow_network social_network=\u00a0\u00bbtwitter\u00a0\u00bb url=\u00a0\u00bbhttps:\/\/twitter.com\/nuecho\u00a0\u00bb _builder_version=\u00a0\u00bb4.16&Prime; background_color=\u00a0\u00bb#fb7c3e\u00a0\u00bb global_colors_info=\u00a0\u00bb{}\u00a0\u00bb follow_button=\u00a0\u00bboff\u00a0\u00bb url_new_window=\u00a0\u00bbon\u00a0\u00bb]twitter[\/et_pb_social_media_follow_network][et_pb_social_media_follow_network social_network=\u00a0\u00bblinkedin\u00a0\u00bb url=\u00a0\u00bbhttps:\/\/www.linkedin.com\/company\/nu-echo\u00a0\u00bb _builder_version=\u00a0\u00bb4.16&Prime; background_color=\u00a0\u00bb#fb7c3e\u00a0\u00bb global_colors_info=\u00a0\u00bb{}\u00a0\u00bb follow_button=\u00a0\u00bboff\u00a0\u00bb url_new_window=\u00a0\u00bbon\u00a0\u00bb]linkedin[\/et_pb_social_media_follow_network][\/et_pb_social_media_follow][\/et_pb_column][\/et_pb_row][et_pb_row column_structure=\u00a0\u00bb1_3,1_3,1_3&Prime; custom_padding_last_edited=\u00a0\u00bboff|phone\u00a0\u00bb admin_label=\u00a0\u00bbContact &#8211; Section\u00a0\u00bb _builder_version=\u00a0\u00bb4.16&Prime; global_colors_info=\u00a0\u00bb{}\u00a0\u00bb][et_pb_column type=\u00a0\u00bb1_3&Prime; _builder_version=\u00a0\u00bb4.16&Prime; custom_padding=\u00a0\u00bb|||\u00a0\u00bb global_colors_info=\u00a0\u00bb{}\u00a0\u00bb custom_padding__hover=\u00a0\u00bb|||\u00a0\u00bb][et_pb_text admin_label=\u00a0\u00bbText &#8211; Emails (emails)\u00a0\u00bb _builder_version=\u00a0\u00bb4.16&Prime; text_font=\u00a0\u00bb||||||||\u00a0\u00bb text_font_size=\u00a0\u00bb24px\u00a0\u00bb text_line_height=\u00a0\u00bb1.5em\u00a0\u00bb header_font=\u00a0\u00bb||||||||\u00a0\u00bb header_4_font=\u00a0\u00bbRoboto||||||||\u00a0\u00bb header_4_font_size=\u00a0\u00bb16px\u00a0\u00bb custom_css_main_element=\u00a0\u00bbfont-weight: 400;\u00a0\u00bb global_colors_info=\u00a0\u00bb{}\u00a0\u00bb]<\/p>\n<p><strong>Courriel<\/strong><br \/> <a href=\"mailto:info@nuecho.com\">info@nuecho.com<\/a><\/p>\n<p>[\/et_pb_text][\/et_pb_column][et_pb_column _builder_version=\u00a0\u00bb4.17.4&Prime; _module_preset=\u00a0\u00bbdefault\u00a0\u00bb type=\u00a0\u00bb1_3&Prime;][\/et_pb_column][et_pb_column type=\u00a0\u00bb1_3&Prime; _builder_version=\u00a0\u00bb4.16&Prime; custom_padding=\u00a0\u00bb|||\u00a0\u00bb global_colors_info=\u00a0\u00bb{}\u00a0\u00bb custom_padding__hover=\u00a0\u00bb|||\u00a0\u00bb][\/et_pb_column][\/et_pb_row][\/et_pb_section][et_pb_section fb_built=\u00a0\u00bb1&Prime; disabled_on=\u00a0\u00bbon|on|on\u00a0\u00bb admin_label=\u00a0\u00bbGlobal Section &#8211; Get in Touch\u00a0\u00bb module_id=\u00a0\u00bbContact\u00a0\u00bb _builder_version=\u00a0\u00bb4.16&Prime; background_color=\u00a0\u00bb#fb7c3e\u00a0\u00bb min_height=\u00a0\u00bb986px\u00a0\u00bb custom_margin=\u00a0\u00bb0px|||||\u00a0\u00bb custom_padding=\u00a0\u00bb7rem|0px|5rem|0px|false|false\u00a0\u00bb disabled=\u00a0\u00bbon\u00a0\u00bb saved_tabs=\u00a0\u00bball\u00a0\u00bb global_colors_info=\u00a0\u00bb{}\u00a0\u00bb][et_pb_row _builder_version=\u00a0\u00bb4.16&Prime; custom_padding=\u00a0\u00bb30px|0px|30px|0px|true|false\u00a0\u00bb global_colors_info=\u00a0\u00bb{}\u00a0\u00bb][et_pb_column type=\u00a0\u00bb4_4&Prime; _builder_version=\u00a0\u00bb4.16&Prime; custom_padding=\u00a0\u00bb|||\u00a0\u00bb global_colors_info=\u00a0\u00bb{}\u00a0\u00bb custom_padding__hover=\u00a0\u00bb|||\u00a0\u00bb][et_pb_text admin_label=\u00a0\u00bbHeader &#8211; Get in touch\u00a0\u00bb _builder_version=\u00a0\u00bb4.16&Prime; text_font=\u00a0\u00bb|300|||||||\u00a0\u00bb text_text_color=\u00a0\u00bb#ffffff\u00a0\u00bb text_font_size=\u00a0\u00bb24px\u00a0\u00bb header_font=\u00a0\u00bb||||||||\u00a0\u00bb header_2_font=\u00a0\u00bb||||||||\u00a0\u00bb header_2_text_color=\u00a0\u00bb#ffffff\u00a0\u00bb header_2_font_size=\u00a0\u00bb40px\u00a0\u00bb header_2_line_height=\u00a0\u00bb1.5em\u00a0\u00bb text_orientation=\u00a0\u00bbcenter\u00a0\u00bb custom_padding=\u00a0\u00bb||2rem\u00a0\u00bb global_colors_info=\u00a0\u00bb{}\u00a0\u00bb]<\/p>\n<h2>Communiquez avec nous aujourd\u2019hui!<\/h2>\n<p>Remplissez ce formulaire; c\u2019est une autre fa\u00e7on de nous rejoindre.<\/p>\n<p>[\/et_pb_text][et_pb_text admin_label=\u00a0\u00bbFR &#8211; Gravity contact form\u00a0\u00bb _builder_version=\u00a0\u00bb4.13.0&Prime; height_tablet=\u00a0\u00bbauto\u00a0\u00bb height_phone=\u00a0\u00bbauto\u00a0\u00bb height_last_edited=\u00a0\u00bbon|tablet\u00a0\u00bb custom_css_main_element=\u00a0\u00bbcontact-us-iframe-form {||  height: 500px;||}\u00a0\u00bb global_module=\u00a0\u00bb3717&Prime; global_colors_info=\u00a0\u00bb{}\u00a0\u00bb]<\/p>\n<p><script charset=\"utf-8\" type=\"text\/javascript\" src=\"\/\/js.hsforms.net\/forms\/shell.js\"><\/script><script>hbspt.forms.create({region: \"na1\", portalId: \"21001342\", formId: \"eedb27de-faa1-4058-8018-7983dc112b06\"});<\/script><\/p>\n<p>[\/et_pb_text][\/et_pb_column][\/et_pb_row][\/et_pb_section]<\/p>\n","protected":false},"excerpt":{"rendered":"<p>Contactez-nous Fournisseurs de solutions pour centres de contact clients Sortir des sentiers battus au quotidienNous pouvons vous aider \u00e0 tirer le maximum de votre centre de contact clients.facebooktwitterlinkedinCourriel info@nuecho.comCommuniquez avec nous aujourd\u2019hui! Remplissez ce formulaire; c\u2019est une autre fa\u00e7on de nous rejoindre.<\/p>\n","protected":false},"author":10,"featured_media":0,"parent":0,"menu_order":7,"comment_status":"closed","ping_status":"closed","template":"","meta":{"_et_pb_use_builder":"on","_et_pb_old_content":"","_et_gb_content_width":"","om_disable_all_campaigns":false,"_monsterinsights_skip_tracking":false,"_monsterinsights_sitenote_active":false,"_monsterinsights_sitenote_note":"","_monsterinsights_sitenote_category":0,"footnotes":""},"class_list":["post-853","page","type-page","status-publish","hentry"],"aioseo_notices":[],"yoast_head":"<!-- This site is optimized with the Yoast SEO plugin v26.9 - https:\/\/yoast.com\/product\/yoast-seo-wordpress\/ -->\n<title>Sp\u00e9cialistes voicebots avec IA - Speech-To-Text et Text-To-Speech<\/title>\n<meta name=\"description\" content=\"Prenez contact avec Nu Echo et embauchez dans votre entreprise un des meilleurs employ\u00e9s au service \u00e0 la client\u00e8le\" \/>\n<meta name=\"robots\" content=\"index, follow, max-snippet:-1, max-image-preview:large, max-video-preview:-1\" \/>\n<link rel=\"canonical\" href=\"https:\/\/www.nuecho.com\/fr\/contact\/\" \/>\n<meta property=\"og:locale\" content=\"fr_FR\" \/>\n<meta property=\"og:type\" content=\"article\" \/>\n<meta property=\"og:title\" content=\"Sp\u00e9cialistes voicebots avec IA - Speech-To-Text et Text-To-Speech\" \/>\n<meta property=\"og:description\" content=\"Prenez contact avec Nu Echo et embauchez dans votre entreprise un des meilleurs employ\u00e9s au service \u00e0 la client\u00e8le\" \/>\n<meta property=\"og:url\" content=\"https:\/\/www.nuecho.com\/fr\/contact\/\" \/>\n<meta property=\"og:site_name\" content=\"AI Virtual Voice Experts with Google Dialogflow CX - CCAI - Nu Echo\" \/>\n<meta property=\"article:publisher\" content=\"https:\/\/www.facebook.com\/nuechoinc\/\" \/>\n<meta property=\"article:modified_time\" content=\"2024-01-10T17:19:47+00:00\" \/>\n<meta property=\"og:image\" content=\"https:\/\/www.nuecho.com\/wp-content\/uploads\/2019\/11\/Speech-Analytics.png\" \/>\n\t<meta property=\"og:image:width\" content=\"1500\" \/>\n\t<meta property=\"og:image:height\" content=\"1500\" \/>\n\t<meta property=\"og:image:type\" content=\"image\/png\" \/>\n<meta name=\"twitter:card\" content=\"summary_large_image\" \/>\n<meta name=\"twitter:site\" content=\"@nuecho\" \/>\n<meta name=\"twitter:label1\" content=\"Dur\u00e9e de lecture estim\u00e9e\" \/>\n\t<meta name=\"twitter:data1\" content=\"2 minutes\" \/>\n<script type=\"application\/ld+json\" class=\"yoast-schema-graph\">{\"@context\":\"https:\/\/schema.org\",\"@graph\":[{\"@type\":\"WebPage\",\"@id\":\"https:\/\/www.nuecho.com\/fr\/contact\/\",\"url\":\"https:\/\/www.nuecho.com\/fr\/contact\/\",\"name\":\"Sp\u00e9cialistes voicebots avec IA - Speech-To-Text et Text-To-Speech\",\"isPartOf\":{\"@id\":\"https:\/\/www.nuecho.com\/fr\/#website\"},\"datePublished\":\"2019-03-24T18:07:56+00:00\",\"dateModified\":\"2024-01-10T17:19:47+00:00\",\"description\":\"Prenez contact avec Nu Echo et embauchez dans votre entreprise un des meilleurs employ\u00e9s au service \u00e0 la client\u00e8le\",\"breadcrumb\":{\"@id\":\"https:\/\/www.nuecho.com\/fr\/contact\/#breadcrumb\"},\"inLanguage\":\"fr-FR\",\"potentialAction\":[{\"@type\":\"ReadAction\",\"target\":[\"https:\/\/www.nuecho.com\/fr\/contact\/\"]}]},{\"@type\":\"BreadcrumbList\",\"@id\":\"https:\/\/www.nuecho.com\/fr\/contact\/#breadcrumb\",\"itemListElement\":[{\"@type\":\"ListItem\",\"position\":1,\"name\":\"Home\",\"item\":\"https:\/\/www.nuecho.com\/fr\/\"},{\"@type\":\"ListItem\",\"position\":2,\"name\":\"Contactez-nous\"}]},{\"@type\":\"WebSite\",\"@id\":\"https:\/\/www.nuecho.com\/fr\/#website\",\"url\":\"https:\/\/www.nuecho.com\/fr\/\",\"name\":\"AI Virtual Voice Experts with Google Dialogflow CX - CCAI - Nu Echo\",\"description\":\"Nu Echo\",\"publisher\":{\"@id\":\"https:\/\/www.nuecho.com\/fr\/#organization\"},\"potentialAction\":[{\"@type\":\"SearchAction\",\"target\":{\"@type\":\"EntryPoint\",\"urlTemplate\":\"https:\/\/www.nuecho.com\/fr\/?s={search_term_string}\"},\"query-input\":{\"@type\":\"PropertyValueSpecification\",\"valueRequired\":true,\"valueName\":\"search_term_string\"}}],\"inLanguage\":\"fr-FR\"},{\"@type\":\"Organization\",\"@id\":\"https:\/\/www.nuecho.com\/fr\/#organization\",\"name\":\"Nu Echo - Conversation AI | IA Conversationnelle\",\"url\":\"https:\/\/www.nuecho.com\/fr\/\",\"logo\":{\"@type\":\"ImageObject\",\"inLanguage\":\"fr-FR\",\"@id\":\"https:\/\/www.nuecho.com\/fr\/#\/schema\/logo\/image\/\",\"url\":\"https:\/\/www.nuecho.com\/wp-content\/uploads\/2019\/03\/bottom-logo.png\",\"contentUrl\":\"https:\/\/www.nuecho.com\/wp-content\/uploads\/2019\/03\/bottom-logo.png\",\"width\":138,\"height\":27,\"caption\":\"Nu Echo - Conversation AI | IA Conversationnelle\"},\"image\":{\"@id\":\"https:\/\/www.nuecho.com\/fr\/#\/schema\/logo\/image\/\"},\"sameAs\":[\"https:\/\/www.facebook.com\/nuechoinc\/\",\"https:\/\/x.com\/nuecho\",\"https:\/\/ca.linkedin.com\/company\/nu-echo\"]}]}<\/script>\n<!-- \/ Yoast SEO plugin. -->","yoast_head_json":{"title":"Sp\u00e9cialistes voicebots avec IA - Speech-To-Text et Text-To-Speech","description":"Prenez contact avec Nu Echo et embauchez dans votre entreprise un des meilleurs employ\u00e9s au service \u00e0 la client\u00e8le","robots":{"index":"index","follow":"follow","max-snippet":"max-snippet:-1","max-image-preview":"max-image-preview:large","max-video-preview":"max-video-preview:-1"},"canonical":"https:\/\/www.nuecho.com\/fr\/contact\/","og_locale":"fr_FR","og_type":"article","og_title":"Sp\u00e9cialistes voicebots avec IA - Speech-To-Text et Text-To-Speech","og_description":"Prenez contact avec Nu Echo et embauchez dans votre entreprise un des meilleurs employ\u00e9s au service \u00e0 la client\u00e8le","og_url":"https:\/\/www.nuecho.com\/fr\/contact\/","og_site_name":"AI Virtual Voice Experts with Google Dialogflow CX - CCAI - Nu Echo","article_publisher":"https:\/\/www.facebook.com\/nuechoinc\/","article_modified_time":"2024-01-10T17:19:47+00:00","og_image":[{"width":1500,"height":1500,"url":"https:\/\/www.nuecho.com\/wp-content\/uploads\/2019\/11\/Speech-Analytics.png","type":"image\/png"}],"twitter_card":"summary_large_image","twitter_site":"@nuecho","twitter_misc":{"Dur\u00e9e de lecture estim\u00e9e":"2 minutes"},"schema":{"@context":"https:\/\/schema.org","@graph":[{"@type":"WebPage","@id":"https:\/\/www.nuecho.com\/fr\/contact\/","url":"https:\/\/www.nuecho.com\/fr\/contact\/","name":"Sp\u00e9cialistes voicebots avec IA - Speech-To-Text et Text-To-Speech","isPartOf":{"@id":"https:\/\/www.nuecho.com\/fr\/#website"},"datePublished":"2019-03-24T18:07:56+00:00","dateModified":"2024-01-10T17:19:47+00:00","description":"Prenez contact avec Nu Echo et embauchez dans votre entreprise un des meilleurs employ\u00e9s au service \u00e0 la client\u00e8le","breadcrumb":{"@id":"https:\/\/www.nuecho.com\/fr\/contact\/#breadcrumb"},"inLanguage":"fr-FR","potentialAction":[{"@type":"ReadAction","target":["https:\/\/www.nuecho.com\/fr\/contact\/"]}]},{"@type":"BreadcrumbList","@id":"https:\/\/www.nuecho.com\/fr\/contact\/#breadcrumb","itemListElement":[{"@type":"ListItem","position":1,"name":"Home","item":"https:\/\/www.nuecho.com\/fr\/"},{"@type":"ListItem","position":2,"name":"Contactez-nous"}]},{"@type":"WebSite","@id":"https:\/\/www.nuecho.com\/fr\/#website","url":"https:\/\/www.nuecho.com\/fr\/","name":"AI Virtual Voice Experts with Google Dialogflow CX - CCAI - Nu Echo","description":"Nu Echo","publisher":{"@id":"https:\/\/www.nuecho.com\/fr\/#organization"},"potentialAction":[{"@type":"SearchAction","target":{"@type":"EntryPoint","urlTemplate":"https:\/\/www.nuecho.com\/fr\/?s={search_term_string}"},"query-input":{"@type":"PropertyValueSpecification","valueRequired":true,"valueName":"search_term_string"}}],"inLanguage":"fr-FR"},{"@type":"Organization","@id":"https:\/\/www.nuecho.com\/fr\/#organization","name":"Nu Echo - Conversation AI | IA Conversationnelle","url":"https:\/\/www.nuecho.com\/fr\/","logo":{"@type":"ImageObject","inLanguage":"fr-FR","@id":"https:\/\/www.nuecho.com\/fr\/#\/schema\/logo\/image\/","url":"https:\/\/www.nuecho.com\/wp-content\/uploads\/2019\/03\/bottom-logo.png","contentUrl":"https:\/\/www.nuecho.com\/wp-content\/uploads\/2019\/03\/bottom-logo.png","width":138,"height":27,"caption":"Nu Echo - Conversation AI | IA Conversationnelle"},"image":{"@id":"https:\/\/www.nuecho.com\/fr\/#\/schema\/logo\/image\/"},"sameAs":["https:\/\/www.facebook.com\/nuechoinc\/","https:\/\/x.com\/nuecho","https:\/\/ca.linkedin.com\/company\/nu-echo"]}]}},"_links":{"self":[{"href":"https:\/\/www.nuecho.com\/fr\/wp-json\/wp\/v2\/pages\/853","targetHints":{"allow":["GET"]}}],"collection":[{"href":"https:\/\/www.nuecho.com\/fr\/wp-json\/wp\/v2\/pages"}],"about":[{"href":"https:\/\/www.nuecho.com\/fr\/wp-json\/wp\/v2\/types\/page"}],"author":[{"embeddable":true,"href":"https:\/\/www.nuecho.com\/fr\/wp-json\/wp\/v2\/users\/10"}],"replies":[{"embeddable":true,"href":"https:\/\/www.nuecho.com\/fr\/wp-json\/wp\/v2\/comments?post=853"}],"version-history":[{"count":7,"href":"https:\/\/www.nuecho.com\/fr\/wp-json\/wp\/v2\/pages\/853\/revisions"}],"predecessor-version":[{"id":9609,"href":"https:\/\/www.nuecho.com\/fr\/wp-json\/wp\/v2\/pages\/853\/revisions\/9609"}],"wp:attachment":[{"href":"https:\/\/www.nuecho.com\/fr\/wp-json\/wp\/v2\/media?parent=853"}],"curies":[{"name":"wp","href":"https:\/\/api.w.org\/{rel}","templated":true}]}}